{"id":3,"date":"2023-02-26T11:31:31","date_gmt":"2023-02-26T08:31:31","guid":{"rendered":"http:\/\/youthforgood.co\/?page_id=3"},"modified":"2024-10-07T23:01:29","modified_gmt":"2024-10-07T20:01:29","slug":"cerezler","status":"publish","type":"page","link":"https:\/\/youthforgood.co\/en\/cerezler\/","title":{"rendered":"Cookies Policy"},"content":{"rendered":"<p class=\"has-custom-laci-color has-text-color has-link-color has-medium-font-size wp-elements-23ec3ab520304fac119d9e89f44f4110\"><strong>\u00c7EREZ POL\u0130T\u0130KASI<\/strong><\/p>\n\n\n\n<p><strong>Ki\u015fisel Verileri Koruma Kanunu (KVKK) Kapsam\u0131nda Bize Sa\u011flad\u0131\u011f\u0131n\u0131z Veriler Hakk\u0131nda Bilgilendirme<\/strong><\/p>\n\n\n\n<p><strong>1. \u00c7erez Politikas\u0131 Hakk\u0131nda<\/strong><\/p>\n\n\n\n<p>Youth for Good (\u201cBundan b\u00f6yle k\u0131saca \u201cY4G\u201d olarak an\u0131lacakt\u0131r.) olarak bir\u00e7ok t\u00fczel ki\u015fi gibi bizler de internet sitemiz kapsam\u0131nda belirli alanlarda \u00e7erezler kullanmaktay\u0131z. Buna ek olarak, d\u0131\u015f ba\u011flant\u0131 i\u00e7eren baz\u0131 sayfalar\u0131m\u0131zda, taraf\u0131n\u0131z\u0131 bilgilendirme imk\u00e2n\u0131m\u0131z olmaks\u0131z\u0131n da \u00e7erez kullan\u0131m\u0131 s\u00f6z konusu olabilece\u011fini belirtmek isteriz. Bunlara ba\u011fl\u0131 olarak, i\u015fbu internet sitesinde kullan\u0131lan \u00e7erezler kapsam\u0131nda internet sitemizi ziyaret eden ki\u015fileri 6698 say\u0131l\u0131 Ki\u015fisel Verilerin Korunmas\u0131 Kanunu (\u201c<strong>KVKK<\/strong>\u201d) uyar\u0131nca bilgilendirmek amac\u0131yla haz\u0131rlanm\u0131\u015f olup, ilgili \u00e7erezler a\u015fa\u011f\u0131da a\u00e7\u0131klanan \u015fekillere uygun olarak taraf\u0131m\u0131zca kullan\u0131lacakt\u0131r.<\/p>\n\n\n\n<p><strong>2. \u00c7erez Nedir?<\/strong><\/p>\n\n\n\n<p><strong>Cookies<\/strong> bir internet sitesi taraf\u0131ndan cihaz\u0131n\u0131zda olu\u015fturulan ve isim-de\u011fer format\u0131nda veri bar\u0131nd\u0131ran k\u00fc\u00e7\u00fck metin dosyalar\u0131d\u0131r. \u00c7erezler, ziyaret etti\u011finiz internet sitesinin cihaz\u0131n\u0131zda bilgi saklamas\u0131n\u0131 ve bu bilgileri sonraki ziyaretleriniz s\u0131ras\u0131nda kullanmas\u0131n\u0131 m\u00fcmk\u00fcn k\u0131lmaktad\u0131r. Bir internet sitesi taraf\u0131ndan olu\u015fturulan \u00e7erezler siteye eri\u015fim i\u00e7in kulland\u0131\u011f\u0131n\u0131z internet taray\u0131c\u0131s\u0131 taraf\u0131ndan saklanmaktad\u0131r.<\/p>\n\n\n\n<p>\u00c7erezler, g\u00fcn\u00fcm\u00fczde, internet teknolojilerinin \u00f6nemli bir par\u00e7as\u0131 haline gelmi\u015ftir ve temel i\u015flevleri ziyaret\u00e7inin ve tercihlerinin hat\u0131rlanmas\u0131 ve cihaz\u0131n tan\u0131nmas\u0131d\u0131r. Buna ba\u011fl\u0131 olarak, neredeyse b\u00fct\u00fcn eri\u015fim sa\u011flad\u0131\u011f\u0131n\u0131z internet sitesinde \u00e7erez kullan\u0131m\u0131 s\u00f6z konusudur.<\/p>\n\n\n\n<p>Bu noktada, \u00e7erezlerin taray\u0131c\u0131n\u0131zda saklanmas\u0131yla ilgili olarak iki farkl\u0131 t\u00fcr ortaya \u00e7\u0131kmaktad\u0131r.<\/p>\n\n\n\n<p>Bunlardan ilki <strong>kal\u0131c\u0131 \u00e7erezler<\/strong> olarak tan\u0131mlanmaktad\u0131r. Bu t\u00fcr \u00e7erezler saklama i\u00e7in belirlenen s\u00fcre boyunca \u00e7evrimi\u00e7i ziyaret\u00e7inin cihaz\u0131nda saklanmakta olup, \u00e7evrimi\u00e7i ziyaret\u00e7i ilgili \u00e7erezi olu\u015fturan web sitesini her ziyaret etti\u011finde etkin hale gelir.<\/p>\n\n\n\n<p>Di\u011fer t\u00fcr \u00e7erezler ise <strong>oturum \u00e7erezleri<\/strong> olarak an\u0131lmaktad\u0131r. Bu t\u00fcr \u00e7erezler \u00e7evrimi\u00e7i ziyaret\u00e7inin ilgili internet sitesini ziyaret etti\u011fi andan taray\u0131c\u0131 penceresinin kapat\u0131ld\u0131\u011f\u0131 ana kadar aktif olarak saklanmakta olan \u00e7erezlerdir.<\/p>\n\n\n\n<p><strong>3.<\/strong> <strong>\u0130nternet Sitemizde Yer Alan \u00c7erezler Hangi Ama\u00e7larla Kullan\u0131lmaktad\u0131r?<\/strong><\/p>\n\n\n\n<p><strong>Sitenin \u0130\u015flemesi i\u00e7in Kullan\u0131lmas\u0131 Zorunlu Olan \u00c7erezler<\/strong><\/p>\n\n\n\n<p>Bu \u00e7erezler, \u0130nternet sitesinin d\u00fczg\u00fcn bir \u015fekilde \u00e7al\u0131\u015fabilmesi, sitenin \u00f6zelliklerinden ve sunulan hizmetlerden yararlanabilmeniz i\u00e7in kullan\u0131m\u0131 mecburi olan \u00e7erezlerdir. Bu \u00e7erezler vas\u0131tas\u0131yla ki\u015fisel olarak tan\u0131mlanabilir bilgiler saklanmamaktad\u0131r.<\/p>\n\n\n\n<p><strong>Analitik\/Performans<\/strong><\/p>\n\n\n\n<p>Bu \u00e7erezler, internet sitemizin performans\u0131n\u0131 \u00f6l\u00e7mek ve iyile\u015ftirmek i\u00e7in ziyaretleri ve trafik kaynaklar\u0131n\u0131 tespit etmemize olanak sa\u011flar. \u0130nternet sitemiz i\u00e7erisinde yer alan sayfalar\u0131n ziyaret\u00e7i say\u0131lar\u0131na ula\u015fmam\u0131za ve ziyaret\u00e7ilerimizin internet sitemizin i\u00e7erisinde hangi sayfalarda zaman ge\u00e7irdiklerini g\u00f6rmemize yard\u0131mc\u0131 olurlar. \u0130lgili \u00e7erezlerin toplad\u0131\u011f\u0131 t\u00fcm bilgiler, toplu olarak\/birlikte de\u011ferlendirildi\u011finden ki\u015fisel bilgiler i\u00e7ermez, anonimdir. Bu \u00e7erezler vas\u0131tas\u0131yla tamamen internet sitemizin daha verimli hale getirilmesi sa\u011flanmaya \u00e7al\u0131\u015f\u0131lmaktad\u0131r.<\/p>\n\n\n\n<p><strong>\u0130\u015flevsellik<\/strong><\/p>\n\n\n\n<p>Bu \u00e7erezler, ziyaret\u00e7ilerimizin internet sitemiz \u00fczerinde dil veya b\u00f6lge se\u00e7iminin hat\u0131rlanmas\u0131 gibi geli\u015fmi\u015f i\u015flevsellik ve ki\u015fiselle\u015ftirme imkanlar\u0131 sa\u011flamak amac\u0131yla kullan\u0131lmaktad\u0131r. \u0130lgili \u00e7erezlerin kullan\u0131m\u0131na izin vermemeniz halinde, internet sitemiz nezdindeki ki\u015fiselle\u015ftirilmi\u015f ayarlar\u0131n\u0131z\u0131n kaydedilmesi m\u00fcmk\u00fcn olmayacakt\u0131r. Y4G taraf\u0131ndan veya hizmetlerinden sayfalar\u0131m\u0131zda faydaland\u0131\u011f\u0131m\u0131z \u00fc\u00e7\u00fcnc\u00fc taraf sa\u011flay\u0131c\u0131lar taraf\u0131ndan kullan\u0131labilirler.<\/p>\n\n\n\n<p><strong>Hedefleme ve Reklam \u00c7erezleri<\/strong><\/p>\n\n\n\n<p>Bu \u00e7erezler, internet sitemizi ve \u00fc\u00e7\u00fcnc\u00fc taraflara ait alan adlar\u0131n\u0131 ziyaretiniz s\u0131ras\u0131nda olu\u015fturulan birincil ve \u00fc\u00e7\u00fcnc\u00fc taraf \u00e7erezlerdir. Bu \u00e7erezler olu\u015fturulduklar\u0131 alan adlar\u0131ndaki t\u0131klama ve ziyaret ge\u00e7mi\u015finizin takibini ve farkl\u0131 alan adlar\u0131 aras\u0131nda bu kay\u0131tlar\u0131n e\u015flenmesini m\u00fcmk\u00fcn k\u0131lmaktad\u0131r. Bu t\u00fcr \u00e7erezler kullan\u0131c\u0131lar\u0131n tan\u0131nmas\u0131 ve profillenmesi, reklam ve pazarlama faaliyetlerinin hedeflenmesi ve i\u00e7eri\u011fin \u00f6zelle\u015ftirilmesi ama\u00e7lar\u0131yla kullan\u0131lmaktad\u0131r. Bu \u00e7erezler kimli\u011finizi belirlemek veya \u015fahs\u0131n\u0131za \u00f6zel kararlar almak i\u00e7in kullan\u0131lmayacakt\u0131r.<\/p>\n\n\n\n<p>\u00c7erezler bu Politika\u2019da belirtilen ama\u00e7lar d\u0131\u015f\u0131nda kullan\u0131lmamakta olup, t\u00fcm ilgili i\u015flemler KVKK\u2019ya uygun olarak y\u00fcr\u00fct\u00fclmektedir.<\/p>\n\n\n\n<p><strong>4. \u00c7erezlerin Kullan\u0131m\u0131na \u0130li\u015fkin Bilgilendirme ve \u00c7erezlerin Y\u00f6netimi<\/strong><\/p>\n\n\n\n<p>\u0130\u015fbu internet sitesini kullanarak, \u00e7erez kullan\u0131m\u0131n\u0131 kabul etmi\u015f olursunuz. \u0130nternet sitemizi ilk defa ziyaret etti\u011finizde ya da \u00e7erezlerinizi s\u0131f\u0131rlad\u0131\u011f\u0131n\u0131zda, sizleri \u00e7erez kullan\u0131m\u0131m\u0131za ili\u015fkin olarak bilgilendiririz. \u0130nternet sitemizi kullanabilmek i\u00e7in \u00e7erez kullan\u0131m\u0131 zorunlu de\u011fildir, fakat taray\u0131c\u0131n\u0131z\u0131 \u00e7erezleri kabul etmemeye ayarlaman\u0131z halinde kullan\u0131c\u0131 deneyiminizin kalitesinin d\u00fc\u015febilece\u011fini ve internet sitemizin \u00e7e\u015fitli i\u015flevlerinin \u00e7al\u0131\u015fmayabilece\u011fini belirtmek isteriz.<\/p>\n\n\n\n<p>\u0130nternet taray\u0131c\u0131lar\u0131n\u0131n bir\u00e7o\u011fu t\u00fcm \u00e7erezleri kabul eder \u015fekilde geli\u015ftirilmi\u015f olup, kullan\u0131c\u0131lar taray\u0131c\u0131 ayarlar\u0131 de\u011fi\u015ftirerek de \u00e7erezleri engelleyebilir veya belirli siteler i\u00e7in engelleyecek \u015fekilde, \u00e7erez olu\u015fturuldu\u011funda uyar\u0131 verecek \u015fekilde veya t\u00fcm \u00e7erezleri oturum \u00e7erezi gibi sayacak \u015fekilde yap\u0131land\u0131rabilirsiniz. Bu kapsamda, taray\u0131c\u0131 ayarlar\u0131n\u0131z\u0131 de\u011fi\u015ftirerek \u00e7erez kullan\u0131m\u0131n\u0131 reddedebilir, \u00e7erezleri silebilir veya taray\u0131c\u0131n\u0131zda saklanan \u00e7erezlerin listesini ve de\u011ferlerini g\u00f6rebilirsiniz.<\/p>\n\n\n\n<p>Taray\u0131c\u0131n\u0131z \u00fczerinden \u00e7erez kullan\u0131m\u0131na ili\u015fkin ayarlar\u0131 de\u011fi\u015ftirmek hakk\u0131nda daha detayl\u0131 bilgi i\u00e7in a\u015fa\u011f\u0131da yer alan taray\u0131c\u0131lara \u00f6zel olarak d\u00fczenlenmi\u015f linkleri ilgili olan taray\u0131c\u0131ya t\u0131klayarak inceleyebilirsiniz.<\/p>\n\n\n\n<p>\u2013 <a href=\"https:\/\/support.google.com\/chrome\/answer\/95647?co=GENIE.Platform%3DDesktop&amp;hl=tr\">Google Chrome<\/a><\/p>\n\n\n\n<p>\u2013 <a href=\"https:\/\/support.mozilla.org\/tr\/kb\/cerezler-web-sitelerinin-bilgisayarinizda-depoladi\">Mozilla Firefox<\/a><\/p>\n\n\n\n<p>\u2013 <a href=\"https:\/\/support.apple.com\/tr-tr\/guide\/safari\/sfri11471\/mac\">Safari<\/a><\/p>\n\n\n\n<p>\u2013 <a href=\"https:\/\/help.opera.com\/en\/latest\/web-preferences\/\">Opera (\u0130ngilizce)<\/a><\/p>\n\n\n\n<p>\u2013 <a href=\"https:\/\/support.microsoft.com\/tr-tr\/topic\/tan%C4%B1mlama-bilgilerini-silme-ve-y%C3%B6netme-168dab11-0753-043d-7c16-ede5947fc64d\">Internet Explorer<\/a><\/p>\n\n\n\n<p><strong>5. GOOGLE ANALYTICS<\/strong><\/p>\n\n\n\n<p>Youth for Good internet sitesinde analitik \u00e7erezleri kullanmaktay\u0131z. Bu \u00e7erezler vas\u0131tas\u0131yla internet sitesi ziyaret\u00e7ilerimizi ki\u015fisel olarak tan\u0131mlamaks\u0131z\u0131n bilgi toplamak ve web sitesi kullan\u0131m istatistiklerine ait bilgileri toplamaktay\u0131z. \u0130nternet sitesi ziyaret\u00e7isi olarak Y4G sayfalar\u0131nda gezinti yaparken, giri\u015f yapt\u0131\u011f\u0131n\u0131z sayfalar\u0131, \u00f6rne\u011fin sayfan\u0131n URL\u2019si gibi bilgileri kay\u0131t alt\u0131na alarak taraf\u0131m\u0131za bu bilgileri sa\u011flar. Y4G, internet sitesi ziyaret\u00e7ilerimizin sitemiz kapsam\u0131nda daha \u00f6nce yapt\u0131klar\u0131 etkile\u015fimleri kaydederek kullan\u0131c\u0131lar\u0131n hareketlerini kaydetmek amac\u0131yla \u00e7erezler kullan\u0131r. Y4G, siteyi kullan\u0131m\u0131n\u0131zla ilgili analiz yapabilmemizi kolayla\u015ft\u0131rmak i\u00e7in bilgisayar\u0131n\u0131za kaydedilen \u00e7erezleri kullan\u0131r. IP adresiniz de dahil olmak \u00fczere sitemize yapt\u0131\u011f\u0131n\u0131z ziyaretlerin zaman\u0131, yeri ve s\u0131kl\u0131\u011f\u0131 gibi bilgileriniz ilgili \u00e7erez vas\u0131tas\u0131yla saklanmaktad\u0131r.<\/p>\n\n\n\n<p><strong>6. \u0130nternet Sitemizde Yer Alan \u00c7erezlere \u0130li\u015fkin \u00d6zet Bilgiler<\/strong><\/p>\n\n\n\n<figure class=\"wp-block-table\"><table><tbody><tr><td><strong>\u00c7erez \u0130smi<\/strong><\/td><td><strong>\u00c7erez A\u00e7\u0131klamas\u0131<\/strong><\/td><td><strong>\u00c7erez Tipi<\/strong><\/td><td><strong>Saklanma S\u00fcresi<\/strong><\/td><\/tr><tr><td>_ga_*<\/td><td>Google Analytics sets this cookie to store and count page views<\/td><td>Analitik<\/td><td>1 Y\u0131l 1 Ay 4 G\u00fcn<\/td><\/tr><tr><td>_ga<\/td><td>Google Analytics sets this cookie to calculate visitor, session and campaign data and track site usage for the site&#8217;s analytics report. The cookie stores information anonymously and assigns a randomly generated number to recognise unique visitors<\/td><td>Analitik<\/td><td>1 Y\u0131l 1 Ay 4 G\u00fcn<\/td><\/tr><\/tbody><\/table><\/figure>","protected":false},"excerpt":{"rendered":"<p>\u00c7EREZ POL\u0130T\u0130KASI Ki\u015fisel Verileri Koruma Kanunu (KVKK) Kapsam\u0131nda Bize Sa\u011flad\u0131\u011f\u0131n\u0131z Veriler Hakk\u0131nda Bilgilendirme 1. \u00c7erez Politikas\u0131 Hakk\u0131nda Youth for Good (\u201cBundan b\u00f6yle k\u0131saca \u201cY4G\u201d olarak an\u0131lacakt\u0131r.) olarak bir\u00e7ok t\u00fczel ki\u015fi gibi bizler de internet sitemiz kapsam\u0131nda belirli alanlarda \u00e7erezler kullanmaktay\u0131z. Buna ek olarak, d\u0131\u015f ba\u011flant\u0131 i\u00e7eren baz\u0131 sayfalar\u0131m\u0131zda, taraf\u0131n\u0131z\u0131 bilgilendirme imk\u00e2n\u0131m\u0131z olmaks\u0131z\u0131n da \u00e7erez kullan\u0131m\u0131 [&hellip;]<\/p>","protected":false},"author":1,"featured_media":0,"parent":0,"menu_order":0,"comment_status":"closed","ping_status":"closed","template":"","meta":{"om_disable_all_campaigns":false,"inline_featured_image":false,"_monsterinsights_skip_tracking":false,"_monsterinsights_sitenote_active":false,"_monsterinsights_sitenote_note":"","_monsterinsights_sitenote_category":0,"footnotes":""},"class_list":["post-3","page","type-page","status-publish","hentry"],"aioseo_notices":[],"_links":{"self":[{"href":"https:\/\/youthforgood.co\/en\/wp-json\/wp\/v2\/pages\/3","targetHints":{"allow":["GET"]}}],"collection":[{"href":"https:\/\/youthforgood.co\/en\/wp-json\/wp\/v2\/pages"}],"about":[{"href":"https:\/\/youthforgood.co\/en\/wp-json\/wp\/v2\/types\/page"}],"author":[{"embeddable":true,"href":"https:\/\/youthforgood.co\/en\/wp-json\/wp\/v2\/users\/1"}],"replies":[{"embeddable":true,"href":"https:\/\/youthforgood.co\/en\/wp-json\/wp\/v2\/comments?post=3"}],"version-history":[{"count":4,"href":"https:\/\/youthforgood.co\/en\/wp-json\/wp\/v2\/pages\/3\/revisions"}],"predecessor-version":[{"id":1380,"href":"https:\/\/youthforgood.co\/en\/wp-json\/wp\/v2\/pages\/3\/revisions\/1380"}],"wp:attachment":[{"href":"https:\/\/youthforgood.co\/en\/wp-json\/wp\/v2\/media?parent=3"}],"curies":[{"name":"wp","href":"https:\/\/api.w.org\/{rel}","templated":true}]}}