{"id":717,"date":"2023-05-30T23:40:48","date_gmt":"2023-05-30T20:40:48","guid":{"rendered":"https:\/\/youthforgood.co\/?page_id=717"},"modified":"2024-10-08T01:06:18","modified_gmt":"2024-10-07T22:06:18","slug":"kose-rehberi","status":"publish","type":"page","link":"https:\/\/youthforgood.co\/en\/projelerimiz\/kose-rehberi\/","title":{"rendered":"KOSE Guide"},"content":{"rendered":"<div class=\"wp-block-group alignwide has-global-padding is-layout-constrained wp-block-group-is-layout-constrained\">\n<div class=\"wp-block-group alignwide has-global-padding is-layout-constrained wp-container-core-group-is-layout-908f630b wp-block-group-is-layout-constrained\" style=\"padding-top:var(--wp--preset--spacing--40);padding-right:0;padding-bottom:var(--wp--preset--spacing--30);padding-left:0\">\n<div class=\"wp-block-group alignwide project-title-hero is-content-justification-left is-nowrap is-layout-flex wp-container-core-group-is-layout-2f73c8e8 wp-block-group-is-layout-flex\" id=\"project-title-hero-kose\">\n<h1 class=\"wp-block-heading alignwide has-text-align-left has-custom-c-rtlak-color has-text-color has-large-font-size translation-block\">KOSE: Inclusive, Restorative \nand Sustainable Events Guide<\/h1>\n<\/div>\n<\/div>\n\n\n\n<div class=\"wp-block-group alignwide has-global-padding is-layout-constrained wp-container-core-group-is-layout-f6c50a7f wp-block-group-is-layout-constrained\">\n<p class=\"has-custom-a-k-beyaz-color has-text-color has-link-color wp-elements-87cb527204232b024206af5b91bd6683\" style=\"padding-bottom:var(--wp--preset--spacing--40);font-size:clamp(14.642px, 0.915rem + ((1vw - 3.2px) * 0.575), 22px);\">We came together with Roots &amp; Shoots Turkey and Youth for Good team based on our observations that the events we participate in, regardless of their content and our identities, have room for improvement in both theory and practice in terms of inclusion, restoration and sustainability.<\/p>\n\n\n\n<div class=\"wp-block-columns alignwide is-layout-flex wp-container-core-columns-is-layout-ff679dcb wp-block-columns-is-layout-flex\" style=\"margin-top:0;margin-bottom:0;padding-top:var(--wp--preset--spacing--20);padding-bottom:var(--wp--preset--spacing--20)\">\n<div class=\"wp-block-column is-vertically-aligned-top is-layout-flow wp-block-column-is-layout-flow\" style=\"flex-basis:40%\">\n<figure class=\"wp-block-image aligncenter size-large\"><img loading=\"lazy\" decoding=\"async\" width=\"1024\" height=\"1024\" src=\"http:\/\/youthforgood.co\/wp-content\/uploads\/2023\/05\/Cover-KOSE-2-1-scaled-e1685481269418-1024x1024.jpg\" alt=\"\" class=\"wp-image-736\" style=\"aspect-ratio:1;object-fit:cover\" srcset=\"https:\/\/youthforgood.co\/wp-content\/uploads\/2023\/05\/Cover-KOSE-2-1-scaled-e1685481269418-1024x1024.jpg 1024w, https:\/\/youthforgood.co\/wp-content\/uploads\/2023\/05\/Cover-KOSE-2-1-scaled-e1685481269418-300x300.jpg 300w, https:\/\/youthforgood.co\/wp-content\/uploads\/2023\/05\/Cover-KOSE-2-1-scaled-e1685481269418-150x150.jpg 150w, https:\/\/youthforgood.co\/wp-content\/uploads\/2023\/05\/Cover-KOSE-2-1-scaled-e1685481269418-768x768.jpg 768w, https:\/\/youthforgood.co\/wp-content\/uploads\/2023\/05\/Cover-KOSE-2-1-scaled-e1685481269418-1536x1536.jpg 1536w, https:\/\/youthforgood.co\/wp-content\/uploads\/2023\/05\/Cover-KOSE-2-1-scaled-e1685481269418.jpg 1708w\" sizes=\"auto, (max-width: 1024px) 100vw, 1024px\" \/><\/figure>\n<\/div>\n\n\n\n<div class=\"wp-block-column is-vertically-aligned-top is-layout-flow wp-block-column-is-layout-flow\">\n<div class=\"wp-block-columns is-layout-flex wp-container-core-columns-is-layout-28f84493 wp-block-columns-is-layout-flex\">\n<div class=\"wp-block-column is-layout-flow wp-container-core-column-is-layout-119bc444 wp-block-column-is-layout-flow\">\n<h2 class=\"wp-block-heading has-small-font-size\" style=\"margin-top:var(--wp--preset--spacing--10);line-height:1.3\">After establishing our roadmap for the IRSE guide through in-depth discussions, literature reviews, preliminary expert interviews and surveys, we realized we were for long in need of such a guide because:<\/h2>\n\n\n\n<div class=\"wp-block-group has-custom-a-k-beyaz-color has-text-color has-link-color wp-elements-051dd9a037e95482fcf30a6069dc1964 has-global-padding is-layout-constrained wp-container-core-group-is-layout-e0082cf6 wp-block-group-is-layout-constrained\">\n<div class=\"wp-block-columns are-vertically-aligned-top is-not-stacked-on-mobile has-small-font-size is-layout-flex wp-container-core-columns-is-layout-28232c24 wp-block-columns-is-layout-flex\">\n<div class=\"wp-block-column is-vertically-aligned-top is-layout-flow wp-block-column-is-layout-flow\" style=\"flex-basis:40px\">\n<p class=\"has-custom-c-rtlak-color has-text-color has-link-color has-small-font-size wp-elements-e6d56ac93adc9c7263f7720d9961d048\">&gt;<\/p>\n<\/div>\n\n\n\n<div class=\"wp-block-column is-vertically-aligned-top is-layout-flow wp-block-column-is-layout-flow\" style=\"flex-basis:100%\">\n<p class=\"has-custom-a-k-beyaz-color has-text-color has-link-color has-small-font-size wp-elements-06058eb066afbffdaff22231537fc779\" style=\"font-style:normal;font-weight:400\">There were many examples where the identity and themes of events did not coincide with their content and implementation.<\/p>\n<\/div>\n<\/div>\n\n\n\n<div class=\"wp-block-columns are-vertically-aligned-top is-not-stacked-on-mobile has-small-font-size is-layout-flex wp-container-core-columns-is-layout-28232c24 wp-block-columns-is-layout-flex\">\n<div class=\"wp-block-column is-vertically-aligned-top is-layout-flow wp-block-column-is-layout-flow\" style=\"flex-basis:40px\">\n<p class=\"has-custom-c-rtlak-color has-text-color has-link-color has-small-font-size wp-elements-e6d56ac93adc9c7263f7720d9961d048\">&gt;<\/p>\n<\/div>\n\n\n\n<div class=\"wp-block-column is-vertically-aligned-top is-layout-flow wp-block-column-is-layout-flow\" style=\"flex-basis:100%\">\n<p class=\"has-custom-a-k-beyaz-color has-text-color has-link-color has-small-font-size wp-elements-14ed626f1cd260d1dff7a095155a3138\" style=\"font-style:normal;font-weight:400\">There is a challenge in adopting a holistic approach to events that includes inclusion, restoration and sustainability perspectives.<\/p>\n<\/div>\n<\/div>\n\n\n\n<div class=\"wp-block-columns are-vertically-aligned-top is-not-stacked-on-mobile has-custom-a-k-beyaz-color has-text-color has-link-color has-small-font-size wp-elements-acf743b996ffe81af4ce2ecdbafa6900 is-layout-flex wp-container-core-columns-is-layout-28232c24 wp-block-columns-is-layout-flex\">\n<div class=\"wp-block-column is-vertically-aligned-top is-layout-flow wp-block-column-is-layout-flow\" style=\"flex-basis:40px\">\n<p class=\"has-custom-c-rtlak-color has-text-color has-link-color has-small-font-size wp-elements-e6d56ac93adc9c7263f7720d9961d048\">&gt;<\/p>\n<\/div>\n\n\n\n<div class=\"wp-block-column is-vertically-aligned-top is-layout-flow wp-block-column-is-layout-flow\" style=\"flex-basis:100%\">\n<p class=\"has-custom-a-k-beyaz-color has-text-color has-link-color has-small-font-size wp-elements-5464e996ea07f8f77e7a7b5982348699\" style=\"font-style:normal;font-weight:400\">For a variety of reasons, event designers are ineffective in prioritizing and integrating these principles into their design processes.<\/p>\n<\/div>\n<\/div>\n\n\n\n<div class=\"wp-block-columns are-vertically-aligned-top is-not-stacked-on-mobile has-small-font-size is-layout-flex wp-container-core-columns-is-layout-28232c24 wp-block-columns-is-layout-flex\">\n<div class=\"wp-block-column is-vertically-aligned-top is-layout-flow wp-block-column-is-layout-flow\" style=\"flex-basis:40px\">\n<p class=\"has-custom-c-rtlak-color has-text-color has-link-color has-small-font-size wp-elements-e6d56ac93adc9c7263f7720d9961d048\">&gt;<\/p>\n<\/div>\n\n\n\n<div class=\"wp-block-column is-vertically-aligned-top is-layout-flow wp-block-column-is-layout-flow\" style=\"flex-basis:100%\">\n<p class=\"has-custom-a-k-beyaz-color has-text-color has-link-color has-small-font-size wp-elements-0e5847f04c01a47267324928bf232039\" style=\"font-style:normal;font-weight:400\">There is a lack of a resource that is prepared with relevant expert knowledge and user experience support, which can act as a facilitator, save time and strengthen the identity of the event.<\/p>\n<\/div>\n<\/div>\n<\/div>\n<\/div>\n<\/div>\n<\/div>\n<\/div>\n\n\n\n<p><\/p>\n\n\n\n<p class=\"has-custom-a-k-beyaz-color has-text-color has-link-color wp-elements-edba883b2042075fa709935f1b86b3f0\" style=\"padding-top:var(--wp--preset--spacing--20);padding-bottom:0\">In order to support the literature reviews we conducted in this context and to conclude our survey studies with a solution set, we came together with 23 experts in their fields and took our work one step further; under the five pre-determined main topics, we identified the steps that can be followed in order to have an inclusive, restorative and sustainable event experience in the pre-event, during and post-event processes and brought them together in our guide!<\/p>\n<\/div>\n<\/div>\n\n\n\n<div class=\"wp-block-group has-global-padding is-layout-constrained wp-container-core-group-is-layout-dbfa450a wp-block-group-is-layout-constrained\" style=\"padding-top:var(--wp--preset--spacing--30);padding-right:var(--wp--preset--spacing--30);padding-bottom:var(--wp--preset--spacing--30);padding-left:var(--wp--preset--spacing--30)\">\n\n\n<\/p>\n\n\n\n<div class=\"wp-block-buttons is-content-justification-center is-layout-flex wp-container-core-buttons-is-layout-0f49716a wp-block-buttons-is-layout-flex\" style=\"margin-top:var(--wp--preset--spacing--10);margin-bottom:var(--wp--preset--spacing--10)\">\n<div class=\"wp-block-button\"><a class=\"wp-block-button__link wp-element-button\" href=\"http:\/\/youthforgood.co\/wp-content\/uploads\/2023\/11\/KOSE-Guide-EN.pdf\" target=\"_blank\" rel=\"noreferrer noopener\">Read the Guide<\/a><\/div>\n<\/div>\n\n\n<p>\n\n\n<div class=\"addtoany_shortcode\"><div class=\"a2a_kit a2a_kit_size_34 addtoany_list\" data-a2a-url=\"https:\/\/youthforgood.co\/en\/projelerimiz\/kose-rehberi\/\" data-a2a-title=\"KOSE Rehberi\"><a class=\"a2a_button_facebook\" href=\"https:\/\/www.addtoany.com\/add_to\/facebook?linkurl=https%3A%2F%2Fyouthforgood.co%2Fen%2Fprojelerimiz%2Fkose-rehberi%2F&amp;linkname=KOSE%20Rehberi\" title=\"Facebook\" rel=\"nofollow noopener\" target=\"_blank\"><\/a><a class=\"a2a_button_twitter\" href=\"https:\/\/www.addtoany.com\/add_to\/twitter?linkurl=https%3A%2F%2Fyouthforgood.co%2Fen%2Fprojelerimiz%2Fkose-rehberi%2F&amp;linkname=KOSE%20Rehberi\" title=\"Twitter\" rel=\"nofollow noopener\" target=\"_blank\"><\/a><a class=\"a2a_button_whatsapp\" href=\"https:\/\/www.addtoany.com\/add_to\/whatsapp?linkurl=https%3A%2F%2Fyouthforgood.co%2Fen%2Fprojelerimiz%2Fkose-rehberi%2F&amp;linkname=KOSE%20Rehberi\" title=\"WhatsApp\" rel=\"nofollow noopener\" target=\"_blank\"><\/a><a class=\"a2a_button_linkedin\" href=\"https:\/\/www.addtoany.com\/add_to\/linkedin?linkurl=https%3A%2F%2Fyouthforgood.co%2Fen%2Fprojelerimiz%2Fkose-rehberi%2F&amp;linkname=KOSE%20Rehberi\" title=\"LinkedIn\" rel=\"nofollow noopener\" target=\"_blank\"><\/a><a class=\"a2a_dd addtoany_share_save addtoany_share\" href=\"https:\/\/www.addtoany.com\/share\"><\/a><\/div><\/div>\n<\/div>\n\n\n\n<div class=\"wp-block-group alignfull is-style-default has-body-alt-color has-custom-dark-background-color has-text-color has-background has-global-padding is-layout-constrained wp-container-core-group-is-layout-789d8c23 wp-block-group-is-layout-constrained\" style=\"border-radius:0px;margin-top:0;margin-bottom:0;padding-top:64px;padding-right:7vw;padding-left:7vw\">\n<h2 class=\"wp-block-heading has-text-align-center has-medium-plus-font-size translation-block\" style=\"line-height:1.3\">How do we design a a truly inclusive, restorative and a sustainable event?<\/h2>\n\n\n\n<h2 class=\"wp-block-heading has-text-align-center has-body-alt-color has-text-color has-small-font-size\" style=\"font-style:normal;font-weight:400;line-height:1.4\"><br>To answer this question, we identified five focus areas that are essential for an event:<\/h2>\n\n\n\n<div class=\"wp-block-columns alignwide kose-focus-cols is-layout-flex wp-container-core-columns-is-layout-138242db wp-block-columns-is-layout-flex\" id=\"kose-focus-cols-1\" style=\"margin-top:var(--wp--preset--spacing--60);margin-bottom:var(--wp--preset--spacing--60)\">\n<div class=\"wp-block-column is-layout-flow wp-container-core-column-is-layout-f5bb311e wp-block-column-is-layout-flow\" style=\"flex-basis:33.33%\">\n<div class=\"wp-block-group is-style-default has-border-color is-content-justification-center is-nowrap is-layout-flex wp-container-core-group-is-layout-b7327425 wp-block-group-is-layout-flex\" style=\"border-color:#ffffff2b;border-width:1px;border-radius:25px;padding-top:var(--wp--preset--spacing--20);padding-right:var(--wp--preset--spacing--20);padding-bottom:var(--wp--preset--spacing--20);padding-left:var(--wp--preset--spacing--20)\">\n<figure class=\"wp-block-image size-large is-resized\"><img decoding=\"async\" src=\"https:\/\/youthforgood.co\/wp-content\/uploads\/2023\/05\/haklarin-esitligi.svg\" alt=\"\" class=\"wp-image-779\" style=\"width:30px;height:30px\"\/><\/figure>\n\n\n\n<p class=\"has-body-alt-color has-text-color has-small-font-size\" style=\"font-style:normal;font-weight:400\">Rights-Based Approach<\/p>\n<\/div>\n<\/div>\n\n\n\n<div class=\"wp-block-column is-layout-flow wp-container-core-column-is-layout-f5bb311e wp-block-column-is-layout-flow\" style=\"flex-basis:33.33%\">\n<div class=\"wp-block-group is-style-default has-border-color is-content-justification-center is-nowrap is-layout-flex wp-container-core-group-is-layout-e734629f wp-block-group-is-layout-flex\" style=\"border-color:#ffffff2b;border-width:1px;border-radius:25px;padding-top:var(--wp--preset--spacing--20);padding-right:var(--wp--preset--spacing--20);padding-bottom:var(--wp--preset--spacing--20);padding-left:var(--wp--preset--spacing--20)\">\n<figure class=\"wp-block-image size-large is-resized\"><img decoding=\"async\" src=\"https:\/\/youthforgood.co\/wp-content\/uploads\/2023\/05\/cocuk.svg\" alt=\"\" class=\"wp-image-784\" style=\"width:30px\"\/><\/figure>\n\n\n\n<p class=\"has-body-alt-color has-text-color has-small-font-size\" style=\"font-style:normal;font-weight:400\">Children's Rights<\/p>\n<\/div>\n<\/div>\n\n\n\n<div class=\"wp-block-column is-layout-flow wp-container-core-column-is-layout-f5bb311e wp-block-column-is-layout-flow\" style=\"flex-basis:33.33%\">\n<div class=\"wp-block-group has-border-color is-content-justification-center is-nowrap is-layout-flex wp-container-core-group-is-layout-e734629f wp-block-group-is-layout-flex\" style=\"border-color:#ffffff2b;border-width:1px;border-radius:25px;padding-top:var(--wp--preset--spacing--20);padding-right:var(--wp--preset--spacing--20);padding-bottom:var(--wp--preset--spacing--20);padding-left:var(--wp--preset--spacing--20)\">\n<figure class=\"wp-block-image size-large is-resized\"><img decoding=\"async\" src=\"https:\/\/youthforgood.co\/wp-content\/uploads\/2023\/05\/doga.svg\" alt=\"\" class=\"wp-image-783\" style=\"width:30px;height:30px\"\/><\/figure>\n\n\n\n<p class=\"has-body-alt-color has-text-color has-small-font-size\" style=\"font-style:normal;font-weight:400\">Harmony with Nature<\/p>\n<\/div>\n<\/div>\n<\/div>\n\n\n\n<div class=\"wp-block-columns alignwide are-vertically-aligned-center kose-focus-cols is-layout-flex wp-container-core-columns-is-layout-138242db wp-block-columns-is-layout-flex\" id=\"kose-focus-cols-2\" style=\"margin-top:var(--wp--preset--spacing--60);margin-bottom:var(--wp--preset--spacing--60)\">\n<div class=\"wp-block-column is-vertically-aligned-center is-layout-flow wp-container-core-column-is-layout-f5bb311e wp-block-column-is-layout-flow\" style=\"flex-basis:50%\">\n<div class=\"wp-block-group is-style-default has-border-color is-content-justification-center is-nowrap is-layout-flex wp-container-core-group-is-layout-b7327425 wp-block-group-is-layout-flex\" style=\"border-color:#ffffff2b;border-width:1px;border-radius:25px;padding-top:var(--wp--preset--spacing--20);padding-right:var(--wp--preset--spacing--20);padding-bottom:var(--wp--preset--spacing--20);padding-left:var(--wp--preset--spacing--20)\">\n<figure class=\"wp-block-image size-large is-resized\"><img decoding=\"async\" src=\"http:\/\/youthforgood.co\/wp-content\/uploads\/2023\/05\/kapsayicilik-cinsiyet-esitligi.svg\" alt=\"\" class=\"wp-image-782\" style=\"width:30px;height:30px\"\/><\/figure>\n\n\n\n<p class=\"has-body-alt-color has-text-color has-small-font-size\" style=\"font-style:normal;font-weight:400\">Inclusivity and Accessibility<\/p>\n<\/div>\n<\/div>\n\n\n\n<div class=\"wp-block-column is-vertically-aligned-center is-layout-flow wp-container-core-column-is-layout-f5bb311e wp-block-column-is-layout-flow\" style=\"flex-basis:50%\">\n<div class=\"wp-block-group is-style-default has-border-color is-content-justification-center is-nowrap is-layout-flex wp-container-core-group-is-layout-e734629f wp-block-group-is-layout-flex\" style=\"border-color:#ffffff2b;border-width:1px;border-radius:25px;padding-top:var(--wp--preset--spacing--20);padding-right:var(--wp--preset--spacing--20);padding-bottom:var(--wp--preset--spacing--20);padding-left:var(--wp--preset--spacing--20)\">\n<figure class=\"wp-block-image size-large is-resized\"><img decoding=\"async\" src=\"https:\/\/youthforgood.co\/wp-content\/uploads\/2023\/05\/atik-1.svg\" alt=\"\" class=\"wp-image-785\" style=\"width:30px;height:30px\"\/><\/figure>\n\n\n\n<p class=\"has-body-alt-color has-text-color has-small-font-size\" style=\"font-style:normal;font-weight:400\">Waste Management and Upcycling<\/p>\n<\/div>\n<\/div>\n<\/div>\n\n\n\n<div class=\"wp-block-group alignwide is-layout-flow wp-block-group-is-layout-flow\" style=\"padding-top:0;padding-right:var(--wp--preset--spacing--70);padding-bottom:0;padding-left:var(--wp--preset--spacing--70)\">\n<figure class=\"wp-block-embed is-type-video is-provider-youtube wp-block-embed-youtube wp-embed-aspect-16-9 wp-has-aspect-ratio\"><div class=\"wp-block-embed__wrapper\">\n<iframe loading=\"lazy\" title=\"Kapsay\u0131c\u0131, Onar\u0131c\u0131 ve S\u00fcrd\u00fcr\u00fclebilir Etkinlik (KOSE) Rehberi Tan\u0131t\u0131m\" width=\"500\" height=\"281\" src=\"https:\/\/www.youtube.com\/embed\/2Bu1hqKgUFI?feature=oembed\" frameborder=\"0\" allow=\"accelerometer; autoplay; clipboard-write; encrypted-media; gyroscope; picture-in-picture; web-share\" referrerpolicy=\"strict-origin-when-cross-origin\" allowfullscreen><\/iframe>\n<\/div><\/figure>\n<\/div>\n\n\n\n<div class=\"wp-block-buttons is-content-justification-center is-layout-flex wp-container-core-buttons-is-layout-a6d9f191 wp-block-buttons-is-layout-flex\" style=\"margin-top:var(--wp--preset--spacing--40);margin-bottom:var(--wp--preset--spacing--40)\">\n<div class=\"wp-block-button\" id=\"accesibility-video-button\"><a class=\"wp-block-button__link wp-element-button\" href=\"https:\/\/www.youtube.com\/watch?v=ro0UskPlEtM\" target=\"_blank\" rel=\"noreferrer noopener\">Watch the accesible version instead<\/a><\/div>\n<\/div>\n\n\n\n<p><\/p>\n<\/div>\n\n\n\n<div class=\"wp-block-group alignwide has-global-padding is-layout-constrained wp-block-group-is-layout-constrained\" style=\"margin-top:0;margin-bottom:0;padding-top:var(--wp--preset--spacing--70);padding-bottom:160px\">\n<div class=\"wp-block-columns alignwide is-layout-flex wp-container-core-columns-is-layout-28f84493 wp-block-columns-is-layout-flex\">\n<div class=\"wp-block-column is-layout-flow wp-container-core-column-is-layout-22223934 wp-block-column-is-layout-flow\">\n<div class=\"wp-block-columns is-layout-flex wp-container-core-columns-is-layout-ceb339ea wp-block-columns-is-layout-flex\" style=\"padding-top:var(--wp--preset--spacing--60)\">\n<div class=\"wp-block-column is-layout-flow wp-block-column-is-layout-flow\">\n<div class=\"wp-block-group is-style-hover-bg has-global-padding is-layout-constrained wp-container-core-group-is-layout-34847c9e wp-block-group-is-layout-constrained\" style=\"border-radius:15px;padding-top:var(--wp--preset--spacing--50);padding-right:var(--wp--preset--spacing--50);padding-bottom:var(--wp--preset--spacing--50);padding-left:var(--wp--preset--spacing--50)\">\n<div class=\"wp-block-columns is-not-stacked-on-mobile is-layout-flex wp-container-core-columns-is-layout-87beb0d0 wp-block-columns-is-layout-flex\">\n<div class=\"wp-block-column is-layout-flow wp-container-core-column-is-layout-8a368f38 wp-block-column-is-layout-flow\">\n<h3 class=\"wp-block-heading has-custom-laci-color has-text-color has-link-color has-small-plus-font-size wp-elements-4f71b587bbbcedf5a9c1d4e1461e97fc\" style=\"line-height:1.6\">What is Restorativeness?<\/h3>\n\n\n\n<p class=\"has-meta-color has-text-color has-tiny-plus-font-size\" style=\"font-style:normal;font-weight:600\">M\u00fcge G\u00fcm\u00fc\u015f<\/p>\n<\/div>\n<\/div>\n\n\n\n<p class=\"has-small-font-size\">Restorativeness is a state of taking action and producing better versions of oneself, aiming for the good for oneself and the beneficiaries.<\/p>\n<\/div>\n<\/div>\n\n\n\n<div class=\"wp-block-column is-layout-flow wp-block-column-is-layout-flow\">\n<div class=\"wp-block-group is-style-hover-bg has-midground-background-color has-background has-global-padding is-layout-constrained wp-container-core-group-is-layout-34847c9e wp-block-group-is-layout-constrained\" style=\"border-radius:15px;padding-top:var(--wp--preset--spacing--50);padding-right:var(--wp--preset--spacing--50);padding-bottom:var(--wp--preset--spacing--50);padding-left:var(--wp--preset--spacing--50)\">\n<div class=\"wp-block-columns is-not-stacked-on-mobile is-layout-flex wp-container-core-columns-is-layout-4fa2f3cb wp-block-columns-is-layout-flex\" style=\"margin-bottom:0px\">\n<div class=\"wp-block-column is-layout-flow wp-container-core-column-is-layout-8a368f38 wp-block-column-is-layout-flow\">\n<h3 class=\"wp-block-heading has-custom-laci-color has-text-color has-link-color has-small-plus-font-size wp-elements-ca759ef00359bf6075628b44fbcd4251\" style=\"line-height:1.6\">What is Inclusivity?<\/h3>\n\n\n\n<p class=\"has-meta-color has-text-color has-tiny-plus-font-size\" style=\"font-style:normal;font-weight:600\">Zeynep Yarar<\/p>\n<\/div>\n<\/div>\n\n\n\n<p class=\"has-small-font-size\">Inclusiveness is an approach that embraces diversity and treats living beings and their habitats and different forms and forms of life with love, respect and understanding.<\/p>\n<\/div>\n<\/div>\n\n\n\n<div class=\"wp-block-column is-layout-flow wp-block-column-is-layout-flow\">\n<div class=\"wp-block-group is-style-hover-bg has-global-padding is-layout-constrained wp-container-core-group-is-layout-34847c9e wp-block-group-is-layout-constrained\" style=\"border-radius:15px;padding-top:var(--wp--preset--spacing--50);padding-right:var(--wp--preset--spacing--50);padding-bottom:var(--wp--preset--spacing--50);padding-left:var(--wp--preset--spacing--50)\">\n<div class=\"wp-block-columns is-not-stacked-on-mobile is-layout-flex wp-container-core-columns-is-layout-87beb0d0 wp-block-columns-is-layout-flex\">\n<div class=\"wp-block-column is-layout-flow wp-container-core-column-is-layout-8a368f38 wp-block-column-is-layout-flow\">\n<h3 class=\"wp-block-heading has-custom-laci-color has-text-color has-link-color has-small-plus-font-size wp-elements-106808967a830d7a5c073f1dc84fba9e\" style=\"line-height:1.6\">What is Sustainability?<\/h3>\n\n\n\n<p class=\"has-meta-color has-text-color has-tiny-plus-font-size\" style=\"font-style:normal;font-weight:600\">Berna Demircan<\/p>\n<\/div>\n<\/div>\n\n\n\n<p class=\"has-small-font-size\">Sustainability is life; it is acting with the responsibility to protect ourselves, other living beings and this Earth for as long as we exist.<\/p>\n<\/div>\n<\/div>\n<\/div>\n<\/div>\n<\/div>\n<\/div>\n\n\n\n<p><\/p>","protected":false},"excerpt":{"rendered":"<p>Kapsay\u0131c\u0131, Onar\u0131c\u0131 ve S\u00fcrd\u00fcr\u00fclebilir Etkinlik (KOSE) Rehberi \u0130\u00e7eri\u011finden ve kimliklerimizden ba\u011f\u0131ms\u0131z olarak kat\u0131ld\u0131\u011f\u0131m\u0131z etkinliklerin kapsay\u0131c\u0131l\u0131k, onar\u0131c\u0131l\u0131k ve s\u00fcrd\u00fcr\u00fclebilirlik konular\u0131nda hem teoride hem de uygulamada geli\u015fime a\u00e7\u0131k alanlar\u0131 oldu\u011funa dair g\u00f6zlemlerimiz \u00fczerine Roots &amp; Shoots T\u00fcrkiye ve Youth for Good gen\u00e7leri olarak bir araya geldik. Derinlemesine tart\u0131\u015fmalar, literat\u00fcr taramalar\u0131, \u00f6n uzman g\u00f6r\u00fc\u015fmeleri ve anket \u00e7al\u0131\u015fmalar\u0131 ile [&hellip;]<\/p>","protected":false},"author":1,"featured_media":719,"parent":599,"menu_order":0,"comment_status":"closed","ping_status":"closed","template":"page-without-title","meta":{"om_disable_all_campaigns":false,"inline_featured_image":false,"_monsterinsights_skip_tracking":false,"_monsterinsights_sitenote_active":false,"_monsterinsights_sitenote_note":"","_monsterinsights_sitenote_category":0,"footnotes":""},"class_list":["post-717","page","type-page","status-publish","has-post-thumbnail","hentry"],"aioseo_notices":[],"_links":{"self":[{"href":"https:\/\/youthforgood.co\/en\/wp-json\/wp\/v2\/pages\/717","targetHints":{"allow":["GET"]}}],"collection":[{"href":"https:\/\/youthforgood.co\/en\/wp-json\/wp\/v2\/pages"}],"about":[{"href":"https:\/\/youthforgood.co\/en\/wp-json\/wp\/v2\/types\/page"}],"author":[{"embeddable":true,"href":"https:\/\/youthforgood.co\/en\/wp-json\/wp\/v2\/users\/1"}],"replies":[{"embeddable":true,"href":"https:\/\/youthforgood.co\/en\/wp-json\/wp\/v2\/comments?post=717"}],"version-history":[{"count":90,"href":"https:\/\/youthforgood.co\/en\/wp-json\/wp\/v2\/pages\/717\/revisions"}],"predecessor-version":[{"id":1409,"href":"https:\/\/youthforgood.co\/en\/wp-json\/wp\/v2\/pages\/717\/revisions\/1409"}],"up":[{"embeddable":true,"href":"https:\/\/youthforgood.co\/en\/wp-json\/wp\/v2\/pages\/599"}],"wp:featuredmedia":[{"embeddable":true,"href":"https:\/\/youthforgood.co\/en\/wp-json\/wp\/v2\/media\/719"}],"wp:attachment":[{"href":"https:\/\/youthforgood.co\/en\/wp-json\/wp\/v2\/media?parent=717"}],"curies":[{"name":"wp","href":"https:\/\/api.w.org\/{rel}","templated":true}]}}