{"id":865,"date":"2023-06-11T21:58:31","date_gmt":"2023-06-11T18:58:31","guid":{"rendered":"https:\/\/youthforgood.co\/?page_id=865"},"modified":"2024-10-08T01:00:10","modified_gmt":"2024-10-07T22:00:10","slug":"persona-grata","status":"publish","type":"page","link":"https:\/\/youthforgood.co\/en\/persona-grata\/","title":{"rendered":"Persona Grata"},"content":{"rendered":"<div class=\"wp-block-group alignwide has-global-padding is-layout-constrained wp-block-group-is-layout-constrained\">\n<div class=\"wp-block-group alignwide has-global-padding is-layout-constrained wp-container-core-group-is-layout-908f630b wp-block-group-is-layout-constrained\" style=\"padding-top:var(--wp--preset--spacing--40);padding-right:0;padding-bottom:var(--wp--preset--spacing--30);padding-left:0\">\n<div class=\"wp-block-group alignwide project-title-hero is-content-justification-left is-nowrap is-layout-flex wp-container-core-group-is-layout-2f73c8e8 wp-block-group-is-layout-flex\" id=\"project-title-hero-kose\">\n<h1 class=\"wp-block-heading alignwide has-text-align-left has-custom-c-rtlak-color has-text-color has-large-font-size\">Persona Grata<\/h1>\n<\/div>\n<\/div>\n\n\n\n<div class=\"wp-block-group alignwide has-global-padding is-layout-constrained wp-container-core-group-is-layout-db9edeb8 wp-block-group-is-layout-constrained\">\n<p class=\"has-custom-a-k-beyaz-color has-text-color has-link-color wp-elements-cfe61510442f5c3ed353ab8b29f54b31 translation-block\" style=\"padding-bottom:var(--wp--preset--spacing--40);font-size:clamp(14.642px, 0.915rem + ((1vw - 3.2px) * 0.575), 22px);\">Persona Grata stands in opposition to the state of being disliked as referred to by the original saying \"Persona Non Grata;\" This is a community activity that points the individual to accept of the values that make one unique and leave one's mark on the world, while also encouraging the individual to recognize these values.<\/p>\n\n\n\n<div class=\"wp-block-columns is-layout-flex wp-container-core-columns-is-layout-28f84493 wp-block-columns-is-layout-flex\">\n<div class=\"wp-block-column is-layout-flow wp-block-column-is-layout-flow\" style=\"flex-basis:80%\">\n<p class=\"has-custom-a-k-beyaz-color has-text-color has-link-color wp-elements-b95d88d4cc2c95abf66d84dd959052b4\">As EKA Creative Studio's first community event, designed in collaboration with Youth For Good and held at AT\u00d6LYE Bomontiada, we met with young people to help individuals discover their unique values in a safe and intimate space and to accept and honor these values.<\/p>\n<\/div>\n\n\n\n<div class=\"wp-block-column is-layout-flow wp-block-column-is-layout-flow\" style=\"flex-basis:20%\">\n<figure class=\"wp-block-image aligncenter size-large\"><img loading=\"lazy\" decoding=\"async\" width=\"1024\" height=\"569\" src=\"http:\/\/youthforgood.co\/wp-content\/uploads\/2023\/04\/EKA-Branding-2023-03-1024x569.png\" alt=\"\" class=\"wp-image-157\" srcset=\"https:\/\/youthforgood.co\/wp-content\/uploads\/2023\/04\/EKA-Branding-2023-03-1024x569.png 1024w, https:\/\/youthforgood.co\/wp-content\/uploads\/2023\/04\/EKA-Branding-2023-03-300x167.png 300w, https:\/\/youthforgood.co\/wp-content\/uploads\/2023\/04\/EKA-Branding-2023-03-768x427.png 768w, https:\/\/youthforgood.co\/wp-content\/uploads\/2023\/04\/EKA-Branding-2023-03-1536x853.png 1536w, https:\/\/youthforgood.co\/wp-content\/uploads\/2023\/04\/EKA-Branding-2023-03-2048x1137.png 2048w\" sizes=\"auto, (max-width: 1024px) 100vw, 1024px\" \/><\/figure>\n<\/div>\n<\/div>\n\n\n\n<div class=\"wp-block-columns alignwide is-layout-flex wp-container-core-columns-is-layout-ff679dcb wp-block-columns-is-layout-flex\" style=\"margin-top:0;margin-bottom:0;padding-top:var(--wp--preset--spacing--20);padding-bottom:var(--wp--preset--spacing--20)\">\n<div class=\"wp-block-column is-vertically-aligned-top is-layout-flow wp-block-column-is-layout-flow\" style=\"padding-top:0;padding-right:0;padding-bottom:0;padding-left:0;flex-basis:40%\">\n<figure class=\"wp-block-image aligncenter size-large\"><img loading=\"lazy\" decoding=\"async\" width=\"2560\" height=\"1710\" src=\"https:\/\/youthforgood.co\/wp-content\/uploads\/2023\/06\/DSCF8714-edited-scaled.jpg\" alt=\"\" class=\"wp-image-869\" srcset=\"https:\/\/youthforgood.co\/wp-content\/uploads\/2023\/06\/DSCF8714-edited-scaled.jpg 2560w, https:\/\/youthforgood.co\/wp-content\/uploads\/2023\/06\/DSCF8714-edited-300x200.jpg 300w, https:\/\/youthforgood.co\/wp-content\/uploads\/2023\/06\/DSCF8714-edited-1024x684.jpg 1024w, https:\/\/youthforgood.co\/wp-content\/uploads\/2023\/06\/DSCF8714-edited-768x513.jpg 768w, https:\/\/youthforgood.co\/wp-content\/uploads\/2023\/06\/DSCF8714-edited-1536x1026.jpg 1536w, https:\/\/youthforgood.co\/wp-content\/uploads\/2023\/06\/DSCF8714-edited-2048x1368.jpg 2048w\" sizes=\"auto, (max-width: 2560px) 100vw, 2560px\" \/><\/figure>\n<\/div>\n\n\n\n<div class=\"wp-block-column is-vertically-aligned-top is-layout-flow wp-block-column-is-layout-flow\">\n<div class=\"wp-block-columns is-layout-flex wp-container-core-columns-is-layout-28f84493 wp-block-columns-is-layout-flex\">\n<div class=\"wp-block-column is-layout-flow wp-container-core-column-is-layout-119bc444 wp-block-column-is-layout-flow\">\n<h2 class=\"wp-block-heading has-small-font-size\" style=\"margin-top:var(--wp--preset--spacing--10);line-height:1.3\">In Persona Grata, we started by exploring the value definitions of the participants and embarked on a journey of liberation with the questions asked during the workshop:<\/h2>\n\n\n\n<div class=\"wp-block-group has-global-padding is-layout-constrained wp-container-core-group-is-layout-e0082cf6 wp-block-group-is-layout-constrained\">\n<div class=\"wp-block-columns are-vertically-aligned-top is-not-stacked-on-mobile is-layout-flex wp-container-core-columns-is-layout-28232c24 wp-block-columns-is-layout-flex\">\n<div class=\"wp-block-column is-vertically-aligned-top is-layout-flow wp-block-column-is-layout-flow\" style=\"flex-basis:40px\">\n<p class=\"has-custom-c-rtlak-color has-text-color has-link-color wp-elements-f8a0ab85fd9e44b396fa09dcd692a0b3\">&gt;<\/p>\n<\/div>\n\n\n\n<div class=\"wp-block-column is-vertically-aligned-top is-layout-flow wp-block-column-is-layout-flow\" style=\"flex-basis:100%\">\n<p class=\"has-custom-a-k-beyaz-color has-text-color has-link-color has-tiny-font-size wp-elements-7f740b1540a73db4d0bb52b29d89e48a\" style=\"font-style:normal;font-weight:400\">We gathered our focus on the same target with the five questions we shared before the event.<\/p>\n<\/div>\n<\/div>\n\n\n\n<div class=\"wp-block-columns are-vertically-aligned-top is-not-stacked-on-mobile is-layout-flex wp-container-core-columns-is-layout-28232c24 wp-block-columns-is-layout-flex\">\n<div class=\"wp-block-column is-vertically-aligned-top is-layout-flow wp-block-column-is-layout-flow\" style=\"flex-basis:40px\">\n<p class=\"has-custom-c-rtlak-color has-text-color has-link-color wp-elements-f8a0ab85fd9e44b396fa09dcd692a0b3\">&gt;<\/p>\n<\/div>\n\n\n\n<div class=\"wp-block-column is-vertically-aligned-top is-layout-flow wp-block-column-is-layout-flow\" style=\"flex-basis:100%\">\n<p class=\"has-custom-a-k-beyaz-color has-text-color has-link-color has-tiny-font-size wp-elements-35696ea1fd52640697bd1a9be950413e\" style=\"font-style:normal;font-weight:400\">We organized an acquaintance circle to introduce our essence to each other.<\/p>\n<\/div>\n<\/div>\n\n\n\n<div class=\"wp-block-columns are-vertically-aligned-top is-not-stacked-on-mobile is-layout-flex wp-container-core-columns-is-layout-28232c24 wp-block-columns-is-layout-flex\">\n<div class=\"wp-block-column is-vertically-aligned-top is-layout-flow wp-block-column-is-layout-flow\" style=\"flex-basis:40px\">\n<p class=\"has-custom-c-rtlak-color has-text-color has-link-color wp-elements-f8a0ab85fd9e44b396fa09dcd692a0b3\">&gt;<\/p>\n<\/div>\n\n\n\n<div class=\"wp-block-column is-vertically-aligned-top is-layout-flow wp-block-column-is-layout-flow\" style=\"flex-basis:100%\">\n<p class=\"has-custom-a-k-beyaz-color has-text-color has-link-color has-tiny-font-size wp-elements-55ec37940e046604afcd4bcfaf8601fa\" style=\"font-style:normal;font-weight:400\">We thought about why we are valuable and shared how focusing on this issue made us feel.<\/p>\n<\/div>\n<\/div>\n\n\n\n<div class=\"wp-block-columns are-vertically-aligned-top is-not-stacked-on-mobile is-layout-flex wp-container-core-columns-is-layout-28232c24 wp-block-columns-is-layout-flex\">\n<div class=\"wp-block-column is-vertically-aligned-top is-layout-flow wp-block-column-is-layout-flow\" style=\"flex-basis:40px\">\n<p class=\"has-custom-c-rtlak-color has-text-color has-link-color wp-elements-f8a0ab85fd9e44b396fa09dcd692a0b3\">&gt;<\/p>\n<\/div>\n\n\n\n<div class=\"wp-block-column is-vertically-aligned-top is-layout-flow wp-block-column-is-layout-flow\" style=\"flex-basis:100%\">\n<p class=\"has-custom-a-k-beyaz-color has-text-color has-link-color has-tiny-font-size wp-elements-9efdf42c0a5fc5d81f6b4e89b0940ea6\" style=\"font-style:normal;font-weight:400\">Through the practice of active listening, we tried to solidify the feelings and thoughts of the participants who told us about their most precious moments.<\/p>\n<\/div>\n<\/div>\n\n\n\n<div class=\"wp-block-columns are-vertically-aligned-top is-not-stacked-on-mobile is-layout-flex wp-container-core-columns-is-layout-28232c24 wp-block-columns-is-layout-flex\">\n<div class=\"wp-block-column is-vertically-aligned-top is-layout-flow wp-block-column-is-layout-flow\" style=\"flex-basis:40px\">\n<p class=\"has-custom-c-rtlak-color has-text-color has-link-color wp-elements-f8a0ab85fd9e44b396fa09dcd692a0b3\">&gt;<\/p>\n<\/div>\n\n\n\n<div class=\"wp-block-column is-vertically-aligned-top is-layout-flow wp-block-column-is-layout-flow\" style=\"flex-basis:100%\">\n<p class=\"has-custom-a-k-beyaz-color has-text-color has-link-color has-tiny-font-size wp-elements-b0cdb4f1416c513689a86d53f4399d91\" style=\"font-style:normal;font-weight:400\">We conducted an impact measurement study by re-directing the 5 questions we shared before the event to the participants.<\/p>\n<\/div>\n<\/div>\n<\/div>\n<\/div>\n<\/div>\n<\/div>\n<\/div>\n\n\n\n<p><\/p>\n<\/div>\n<\/div>\n\n\n\n<div class=\"wp-block-group alignfull has-custom-dark-background-color has-background has-global-padding is-content-justification-center is-layout-constrained wp-container-core-group-is-layout-ae8f3539 wp-block-group-is-layout-constrained\" style=\"padding-top:0;padding-right:0;padding-bottom:0;padding-left:0\">\n<div class=\"wp-block-group alignwide has-global-padding is-layout-constrained wp-container-core-group-is-layout-254f1302 wp-block-group-is-layout-constrained\" style=\"padding-top:0;padding-right:0;padding-bottom:0;padding-left:0\">\n<div class=\"wp-block-columns alignfull is-layout-flex wp-container-core-columns-is-layout-52215458 wp-block-columns-is-layout-flex\" style=\"padding-top:0;padding-right:0;padding-bottom:0;padding-left:0\">\n<div class=\"wp-block-column is-vertically-aligned-center has-global-padding is-layout-constrained wp-container-core-column-is-layout-0af88f1b wp-block-column-is-layout-constrained\" style=\"padding-top:var(--wp--preset--spacing--40);padding-bottom:var(--wp--preset--spacing--40);flex-basis:50%\">\n<div class=\"wp-block-group alignwide has-global-padding is-layout-constrained wp-container-core-group-is-layout-1566473f wp-block-group-is-layout-constrained\" style=\"margin-top:0;margin-bottom:var(--wp--preset--spacing--50);padding-top:0;padding-right:0;padding-bottom:0;padding-left:0\">\n<h2 class=\"wp-block-heading has-text-align-right has-background-color has-text-color has-medium-plus-font-size\">Through Persona Grata, the praticipants have reported: <\/h2>\n<\/div>\n\n\n\n<div class=\"wp-block-group lemmony-mobile-justify-center has-global-padding is-content-justification-right is-layout-constrained wp-container-core-group-is-layout-a2ae6717 wp-block-group-is-layout-constrained\">\n<div style=\"line-height:1.5;text-align:right\" class=\"wp-block-lemmony-companion-counter has-background-color has-text-color has-medium-font-size\"><span class=\"lemmony-counter-wrapper\" data-start=\"0\" data-end=\"13\" data-duration=\"3\"><span class=\"lemmony-counter-number\">0<\/span><span class=\"lemmony-counter-suffix\">% \u2191<\/span><\/span><\/div>\n\n\n\n<h3 class=\"wp-block-heading has-text-align-right has-midground-alt-color has-text-color has-tiny-font-size translation-block\" style=\"font-style:normal;font-weight:400;line-height:1.6\">Increase in awareness of the <br>moments in which they felt valuable.<\/h3>\n\n\n\n<hr class=\"wp-block-separator has-alpha-channel-opacity is-style-default\" style=\"margin-top:var(--wp--preset--spacing--30)\"\/>\n<\/div>\n\n\n\n<div class=\"wp-block-group lemmony-mobile-justify-center has-global-padding is-content-justification-right is-layout-constrained wp-container-core-group-is-layout-a2ae6717 wp-block-group-is-layout-constrained\">\n<div style=\"line-height:1.5;text-align:right\" class=\"wp-block-lemmony-companion-counter has-background-color has-text-color has-medium-font-size\"><span class=\"lemmony-counter-wrapper\" data-start=\"0\" data-end=\"11\" data-duration=\"3\"><span class=\"lemmony-counter-number\">0<\/span><span class=\"lemmony-counter-suffix\">% \u2191<\/span><\/span><\/div>\n\n\n\n<h3 class=\"wp-block-heading has-text-align-right has-midground-alt-color has-text-color has-tiny-font-size translation-block\" style=\"font-style:normal;font-weight:400;line-height:1.6\">Increase in confidence in sharing <br>what they are good at with others.<\/h3>\n\n\n\n<hr class=\"wp-block-separator has-alpha-channel-opacity is-style-default\" style=\"margin-top:var(--wp--preset--spacing--30)\"\/>\n<\/div>\n\n\n\n<div class=\"wp-block-group lemmony-mobile-justify-center has-global-padding is-content-justification-right is-layout-constrained wp-container-core-group-is-layout-a2ae6717 wp-block-group-is-layout-constrained\">\n<div style=\"line-height:1.5;text-align:right\" class=\"wp-block-lemmony-companion-counter has-background-color has-text-color has-medium-font-size\"><span class=\"lemmony-counter-wrapper\" data-start=\"0\" data-end=\"16\" data-duration=\"3\"><span class=\"lemmony-counter-number\">0<\/span><span class=\"lemmony-counter-suffix\">% \u2193<\/span><\/span><\/div>\n\n\n\n<h3 class=\"wp-block-heading has-text-align-right has-midground-alt-color has-text-color has-tiny-font-size translation-block\" style=\"font-style:normal;font-weight:400;line-height:1.6\">Decrease in the belief that environmental <br>influences play a role in shaping their self-worth.<\/h3>\n\n\n\n<hr class=\"wp-block-separator has-alpha-channel-opacity is-style-default\" style=\"margin-top:var(--wp--preset--spacing--30)\"\/>\n<\/div>\n<\/div>\n\n\n\n<div class=\"wp-block-column has-global-padding is-layout-constrained wp-container-core-column-is-layout-254f1302 wp-block-column-is-layout-constrained\" style=\"padding-top:0;padding-right:0;padding-bottom:0;padding-left:0;flex-basis:35%\">\n<figure class=\"wp-block-video\"><video height=\"1280\" style=\"aspect-ratio: 720 \/ 1280;\" width=\"720\" autoplay controls loop muted preload=\"auto\" src=\"https:\/\/youthforgood.co\/wp-content\/uploads\/2023\/06\/eka_reels.mp4\" playsinline><\/video><\/figure>\n<\/div>\n<\/div>\n<\/div>\n<\/div>","protected":false},"excerpt":{"rendered":"<p>Persona Grata Persona Grata, deyi\u015fin orijinali olan Persona Non Grata\u2019n\u0131n olu\u015fturdu\u011fu ho\u015f g\u00f6r\u00fclmeme durumunun kar\u015f\u0131s\u0131nda durur; bireyin kendini \u00f6zg\u00fcn k\u0131lan ve D\u00fcnya\u2019ya iz b\u0131rakan de\u011ferlerini kabul etmesine i\u015faret ederken bireyi, bu de\u011ferlerinin fark\u0131na varmas\u0131 i\u00e7in te\u015fvik eden bir kom\u00fcnite etkinli\u011fidir. EKA Creative Studio\u2019nun ilk kom\u00fcnite etkinli\u011fi olarak Youth For Good i\u015f birli\u011finde tasarlanan ve AT\u00d6LYE [&hellip;]<\/p>","protected":false},"author":1,"featured_media":0,"parent":0,"menu_order":0,"comment_status":"closed","ping_status":"closed","template":"page-without-title","meta":{"om_disable_all_campaigns":false,"inline_featured_image":false,"_monsterinsights_skip_tracking":false,"_monsterinsights_sitenote_active":false,"_monsterinsights_sitenote_note":"","_monsterinsights_sitenote_category":0,"footnotes":""},"class_list":["post-865","page","type-page","status-publish","hentry"],"aioseo_notices":[],"_links":{"self":[{"href":"https:\/\/youthforgood.co\/en\/wp-json\/wp\/v2\/pages\/865","targetHints":{"allow":["GET"]}}],"collection":[{"href":"https:\/\/youthforgood.co\/en\/wp-json\/wp\/v2\/pages"}],"about":[{"href":"https:\/\/youthforgood.co\/en\/wp-json\/wp\/v2\/types\/page"}],"author":[{"embeddable":true,"href":"https:\/\/youthforgood.co\/en\/wp-json\/wp\/v2\/users\/1"}],"replies":[{"embeddable":true,"href":"https:\/\/youthforgood.co\/en\/wp-json\/wp\/v2\/comments?post=865"}],"version-history":[{"count":18,"href":"https:\/\/youthforgood.co\/en\/wp-json\/wp\/v2\/pages\/865\/revisions"}],"predecessor-version":[{"id":1405,"href":"https:\/\/youthforgood.co\/en\/wp-json\/wp\/v2\/pages\/865\/revisions\/1405"}],"wp:attachment":[{"href":"https:\/\/youthforgood.co\/en\/wp-json\/wp\/v2\/media?parent=865"}],"curies":[{"name":"wp","href":"https:\/\/api.w.org\/{rel}","templated":true}]}}