{"id":897,"date":"2023-06-26T15:56:53","date_gmt":"2023-06-26T12:56:53","guid":{"rendered":"https:\/\/youthforgood.co\/?page_id=897"},"modified":"2024-10-07T23:00:09","modified_gmt":"2024-10-07T20:00:09","slug":"kvkk-aydinlatma-metni","status":"publish","type":"page","link":"https:\/\/youthforgood.co\/en\/kvkk-aydinlatma-metni\/","title":{"rendered":"LPPD Clarification Text"},"content":{"rendered":"<p class=\"has-custom-laci-color has-text-color has-link-color has-medium-font-size wp-elements-b15a371fad282da8e413ae36c1bc88b3\"><strong>K\u0130\u015e\u0130SEL VER\u0130LER\u0130 KORUMA KANUNU HAKKINDA AYDINLATMA METN\u0130<\/strong><\/p>\n\n\n\n<p>Ki\u015fisel Verileri Koruma Kanunu (KVKK) Kapsam\u0131nda Bize Sa\u011flad\u0131\u011f\u0131n\u0131z Veriler Hakk\u0131nda Bilgilendirme<\/p>\n\n\n\n<p><strong>Youth for Good Veri G\u00fcvenli\u011fi<\/strong><\/p>\n\n\n\n<p>Youth for Good olarak sizlere ait ki\u015fisel verileri ve \u00f6zel bilgilerinizi korumak i\u00e7in azami \u00f6zeni g\u00f6steriyoruz. Bu nedenle internet sayfam\u0131z\u0131\/\u00e7a\u011fr\u0131 merkezimizi\/internet sitemizi ziyaretinizde kendinizi g\u00fcvende hissetmenizi istiyoruz. \u0130nternet sayfam\u0131z\u0131\/\u00e7a\u011fr\u0131 merkezimizi ya da internet sitemizi ziyaret etti\u011finizde sizlere ait ki\u015fisel verilerin i\u015flenmesinde size ait ki\u015fisel alan\u0131n\u0131z\u0131n korunmas\u0131 bizim i\u00e7in as\u0131ld\u0131r. Ki\u015fisel verilerinizle ilgili b\u00fct\u00fcn i\u015flemlerde verilerinizin korunmas\u0131 i\u00e7in gereken idari ve teknik tedbirler al\u0131nmaktad\u0131r. \u0130nternet sitemizin ziyaret edilmesi s\u0131ras\u0131nda kaydedilen ki\u015fisel bilgiler, Ki\u015fisel Verilerin Korunmas\u0131na ili\u015fkin mevzuat gere\u011fince i\u015flenmektedir. Bu konuda yine sayfam\u0131zda bulabilece\u011finiz Veri G\u00fcvenli\u011fi Politikam\u0131z\u0131 inceleyiniz. Youth for Good i\u00e7in ge\u00e7erli olan Veri G\u00fcvenli\u011fi Davran\u0131\u015f Kurallar\u0131 bu politika i\u00e7inde bulunabilir. Ancak \u00f6nemle belirtelim ki, Youth for Good internet sitesi taraf\u0131ndan y\u00f6nlendirilme yap\u0131ld\u0131\u011f\u0131n\u0131z (link verilen) di\u011fer internet sitelerindeki veri g\u00fcvenli\u011fi konusunda bir garanti sunulamamaktad\u0131r. Bu konuda ilgili sayfan\u0131n veri gizlilik s\u00f6zle\u015fmesini dikkatlice inceleyiniz.<\/p>\n\n\n\n<p><strong>1. Ki\u015fisel Verileri \u0130\u015flemeye \u0130li\u015fkin \u0130lkelerimiz<\/strong><\/p>\n\n\n\n<p>Youth for Good olarak ki\u015fisel verileri;<\/p>\n\n\n\n<p>a) Hukuka ve d\u00fcr\u00fcstl\u00fck kurallar\u0131na uygun i\u015flemeyi,<\/p>\n\n\n\n<p>b) Do\u011fru ve g\u00fcncelli\u011fi sa\u011flama gayretinde olmay\u0131,<\/p>\n\n\n\n<p>c) Belirli, a\u00e7\u0131k ve me\u015fru ama\u00e7lar i\u00e7in i\u015flemeyi,<\/p>\n\n\n\n<p>d) Faaliyet ve etkinliklerin payla\u015f\u0131lmas\u0131 ve bunlara davet amac\u0131yla i\u015flemeyi,<\/p>\n\n\n\n<p>e) \u0130\u015flendikleri ama\u00e7la ba\u011flant\u0131l\u0131, s\u0131n\u0131rl\u0131 ve \u00f6l\u00e7\u00fcl\u00fc olmay\u0131,<\/p>\n\n\n\n<p>f) \u0130lgili mevzuatta \u00f6ng\u00f6r\u00fclen veya i\u015flendikleri ama\u00e7 i\u00e7in gerekli olan s\u00fcre kadar muhafaza etmeyi,<\/p>\n\n\n\n<p>ilke edindik.<\/p>\n\n\n\n<p><strong>2.Ki\u015fisel Verilere \u0130li\u015fkin Ayd\u0131nlatma Metni<\/strong><\/p>\n\n\n\n<p>6698 say\u0131l\u0131 Ki\u015fisel Verilerin Korunmas\u0131 Kanunu\u2019nun (KVKK) 10\u2019uncu maddesi, verileri i\u015flenen kimselerin onaylar\u0131 al\u0131n\u0131rken ki\u015filerin ayd\u0131nlat\u0131lmas\u0131n\u0131 zorunlu k\u0131lm\u0131\u015ft\u0131r. Madde ba\u015fl\u0131\u011f\u0131 \u201cVeri Sorumlusunun Ayd\u0131nlatma Y\u00fck\u00fcml\u00fcl\u00fc\u011f\u00fc\u201d d\u00fcr. KVKK h\u00fck\u00fcmlerine g\u00f6re Youth for Good, \u201cveri sorumlusu\u201d dur. Bu \u00e7er\u00e7evede, ayd\u0131nlatma y\u00fck\u00fcml\u00fcl\u00fc\u011f\u00fc, \u201cveri sahiplerini\u201d, veri sorumlusunun kimli\u011fi, ki\u015fisel veri i\u015fleme ama\u00e7lar\u0131, ki\u015fisel verilerin aktar\u0131ld\u0131\u011f\u0131 ki\u015filer ve aktarma ama\u00e7lar\u0131, ki\u015fisel verilerin toplanmas\u0131n\u0131n hukuki sebepleri, kimlere aktar\u0131labilece\u011fi ve y\u00f6ntemleri, ki\u015fisel veri sahibinin veri sorumlusuna y\u00f6neltece\u011fi g\u00fcncelleme, silinme ya da anonimle\u015ftirme gibi KVKK\u2019n\u0131n 11\u2019inci maddesinde say\u0131lan haklar\u0131 konusunda bilgilendirme y\u00fck\u00fcml\u00fcl\u00fc\u011f\u00fc getirmi\u015ftir. A\u015fa\u011f\u0131da k\u0131saca kaleme al\u0131nm\u0131\u015f olan Ayd\u0131nlatma A\u00e7\u0131klamas\u0131 ile KVKK\u2019 n\u0131n 10\u2019uncu maddesi h\u00fckm\u00fc uyar\u0131nca veri sahipleri olan siz de\u011ferli \u00fcyelerimiz, g\u00f6n\u00fcll\u00fclerimiz ve ziyaret\u00e7ilerimiz bilgilendirilmekte ve ayd\u0131nlat\u0131lmaktad\u0131r.<\/p>\n\n\n\n<p><strong>3. Veri Sorumlusunun Kimli\u011fi<\/strong><\/p>\n\n\n\n<p>KVKK\u2019n\u0131n 3\u2019\u00fcnc\u00fc maddesinin 1\u2019inci f\u0131kras\u0131n\u0131n (\u0131) bendinde veri sorumlusu, \u201cKi\u015fisel verilerin i\u015fleme ama\u00e7lar\u0131n\u0131 ve vas\u0131talar\u0131n\u0131 belirleyen, veri kay\u0131t sisteminin kurulmas\u0131ndan ve y\u00f6netilmesinden sorumlu olan ger\u00e7ek veya t\u00fczel ki\u015filer\u201d olarak tan\u0131mlanm\u0131\u015ft\u0131r. Bu \u00e7er\u00e7evede veri sorumlusu, internet sayfas\u0131n\u0131 ziyaret etti\u011finiz Youth for Good\u2019tur.<\/p>\n\n\n\n<p><strong>4. Veri \u0130\u015fleyen<\/strong><\/p>\n\n\n\n<p>Veri i\u015fleyen (KVKK m. 3): Veri sorumlusunun verdi\u011fi yetkiye dayanarak onun ad\u0131na ki\u015fisel verileri i\u015fleyen ger\u00e7ek veya t\u00fczel ki\u015fiyi ifade eder.<\/p>\n\n\n\n<p><strong>5. Ki\u015fisel Verilerin \u0130\u015flenme Yollar\u0131<\/strong><\/p>\n\n\n\n<p>Verileriniz,Youth for Good\u2019ta ancak r\u0131zan\u0131z ya da kanuna uygunluk hallerinden birinin varl\u0131\u011f\u0131 halinde tutulur ve i\u015flenir.<\/p>\n\n\n\n<p>Ki\u015fisel verileriniz ancak KVKK\u2019daki ilkeler do\u011frultusunda;<\/p>\n\n\n\n<ul class=\"wp-block-list\">\n<li>Kanuni gereklilikler,<\/li>\n\n\n\n<li>Youth for Good faaliyet ve etkinliklerinin payla\u015f\u0131lmas\u0131 ve bunlara davet,<\/li>\n\n\n\n<li>Youth for Good faaliyetlerinin ger\u00e7ekle\u015ftirilebilmesi,<\/li>\n\n\n\n<li>Veri g\u00fcvenli\u011finin sa\u011flanmas\u0131,<\/li>\n<\/ul>\n\n\n\n<p>amac\u0131yla i\u015flenir.<\/p>\n\n\n\n<p><strong>6. \u0130\u015flenen Ki\u015fisel Verilerin Kimlere ve Hangi Ama\u00e7la Aktar\u0131labilece\u011fi<\/strong><\/p>\n\n\n\n<p>KVKK\u2019ya uygun olarak toplanan ve i\u015flenen ki\u015fisel verileriniz, sadece Youth for Good ama\u00e7lar\u0131na ve mevzuata uygun ve ama\u00e7la s\u0131n\u0131rl\u0131 olarak; ifa yard\u0131mc\u0131s\u0131 konumundaki 3.ki\u015filere ve gerekti\u011fi \u00f6l\u00e7\u00fcde di\u011fer \u00fcyelerimize\/g\u00f6n\u00fcll\u00fclerimize aktar\u0131labilecektir.<\/p>\n\n\n\n<p><strong>7. Ki\u015fisel Verilerinizi Toplamam\u0131z\u0131n Y\u00f6ntemi ve Hukuki Sebebi<\/strong><\/p>\n\n\n\n<p>\u00dcye ba\u015fvurular\u0131, mobil uygulamalar\u0131, web siteleri, e-postalar\u0131 ve elektronik ortamlar\u0131 \u00fczerinden g\u00f6n\u00fcll\u00fc ba\u015fvurular\u0131, ziyaretler, sosyal medya hesaplar\u0131 \u00fczerinden kurulan ileti\u015fim, posta veya kargo yoluyla kurulan ileti\u015fim dolay\u0131s\u0131yla\/vas\u0131tas\u0131yla ve di\u011fer her t\u00fcrl\u00fc yasal yollarla ki\u015fisel veriler toplanmakta ve ilgili ki\u015finin r\u0131zas\u0131na dayanmaktad\u0131r. Ki\u015fisel verileriniz KVKK\u2019n\u0131n 5.ve 6. maddelerinde belirtilen ki\u015fisel veri i\u015fleme \u015fartlar\u0131 ve ama\u00e7lar\u0131 kapsam\u0131nda i\u015fbu Ayd\u0131nlatma Metni\u2019nde belirtilen ama\u00e7larla da i\u015flenebilmekte ve istisnai olarak aktar\u0131labilmektedir.<\/p>\n\n\n\n<p><strong>8. Ki\u015fisel Veri Sahibinin Haklar\u0131<\/strong><\/p>\n\n\n\n<p>KVKK.m.11\u2019e g\u00f6re a\u015fa\u011f\u0131da say\u0131lan haklar\u0131n\u0131z bulunmaktad\u0131r.&nbsp;<\/p>\n\n\n\n<p>Youth for Good\u2019a ula\u015farak kendinizle ilgili olarak;<\/p>\n\n\n\n<p>a) Ki\u015fisel verinizin i\u015flenip i\u015flenmedi\u011fini \u00f6\u011frenme,<\/p>\n\n\n\n<p>b) Ki\u015fisel verileri i\u015flenmi\u015fse buna ili\u015fkin bilgi talep etme,<\/p>\n\n\n\n<p>c) Ki\u015fisel verilerin i\u015flenme amac\u0131n\u0131 ve bunlar\u0131n amac\u0131na uygun kullan\u0131l\u0131p kullan\u0131lmad\u0131\u011f\u0131n\u0131 \u00f6\u011frenme,<\/p>\n\n\n\n<p>d) Yurt i\u00e7inde ki\u015fisel verilerin aktar\u0131ld\u0131\u011f\u0131 \u00fc\u00e7\u00fcnc\u00fc ki\u015fileri bilme,<\/p>\n\n\n\n<p>e) Ki\u015fisel verilerin eksik veya yanl\u0131\u015f i\u015flenmi\u015f olmas\u0131 h\u00e2linde bunlar\u0131n d\u00fczeltilmesini isteme,<\/p>\n\n\n\n<p>f) 7. maddede \u00f6ng\u00f6r\u00fclen \u015fartlar \u00e7er\u00e7evesinde ki\u015fisel verilerin silinmesini veya yok edilmesini isteme,<\/p>\n\n\n\n<p>g) (d) ve (e) bentleri uyar\u0131nca yap\u0131lan i\u015flemlerin, ki\u015fisel verilerin aktar\u0131ld\u0131\u011f\u0131 \u00fc\u00e7\u00fcnc\u00fc ki\u015filere bildirilmesini isteme,<\/p>\n\n\n\n<p>h) \u0130\u015flenen verilerin m\u00fcnhas\u0131ran otomatik sistemler vas\u0131tas\u0131yla analiz edilmesi suretiyle ki\u015finin kendisi aleyhine bir sonucun ortaya \u00e7\u0131kmas\u0131na itiraz etme,<\/p>\n\n\n\n<p>i) Ki\u015fisel verilerin kanuna ayk\u0131r\u0131 olarak i\u015flenmesi sebebiyle zarara u\u011framas\u0131 h\u00e2linde zarar\u0131n giderilmesini talep etme haklar\u0131na sahipsiniz.<\/p>\n\n\n\n<p><strong>9. Verilerinizi Kullanma Alanlar\u0131m\u0131z<\/strong><\/p>\n\n\n\n<p>Verilerinizi, Youth for Good faaliyetlerini ger\u00e7ekle\u015ftirebilmek, sizleri bu faaliyetlerimiz konusunda bilgilendirebilmek, faaliyetlere kat\u0131l\u0131m\u0131n\u0131z\u0131 sa\u011flamak, gerekli durumlarda sizleri ayd\u0131nlatmak ve faaliyetlerimizi de\u011fi\u015ftirip geli\u015ftirebilmek amac\u0131yla i\u015fliyoruz. Bu \u00e7er\u00e7evede Youth for Good\u2019 nde bulunan bilgileriniz, sizin iradeniz ve onay\u0131n\u0131z ile i\u015fleme amac\u0131 do\u011frultusunda kullan\u0131lmaktad\u0131r.<\/p>\n\n\n\n<p><strong>10. Nas\u0131l Koruyoruz?<\/strong><\/p>\n\n\n\n<p>Youth for Good taraf\u0131ndan toplanan ki\u015fisel verilerin korunmas\u0131 ve yetkisiz ki\u015filerin eline ge\u00e7memesi ve \u00fcyelerimizin ve g\u00f6n\u00fcll\u00fclerimizin ve \u00fcye ile g\u00f6n\u00fcll\u00fc adaylar\u0131m\u0131z\u0131n ma\u011fdur olmamas\u0131 i\u00e7in gerekli teknik ve idari b\u00fct\u00fcn tedbirler al\u0131nmaktad\u0131r. Bu \u00e7er\u00e7evede yaz\u0131l\u0131mlar\u0131n standartlara uygun olmas\u0131, \u00fc\u00e7\u00fcnc\u00fc taraflar\u0131n \u00f6zenle se\u00e7ilmesi ve Youth for Good i\u00e7inde de veri koruma politikas\u0131na riayet edilmesi sa\u011flanmaktad\u0131r.<\/p>\n\n\n\n<p><strong>11. Ba\u015fvuru ve Bilgi Alma Hakk\u0131<\/strong><\/p>\n\n\n\n<p>Ki\u015fisel verilerinizle ilgili olarak herhangi bir teredd\u00fct duydu\u011funuz takdirde web sitemizin \u0130leti\u015fim k\u0131sm\u0131nda ula\u015fabilece\u011finiz ileti\u015fim detaylar\u0131 vas\u0131tas\u0131 ile bize ba\u015fvurunuz. Ba\u015fvurular\u0131n\u0131z, ba\u015fvurunuzun i\u00e7eri\u011fine g\u00f6re en k\u0131sa s\u00fcrede ya da bize ula\u015fmas\u0131ndan sonra en ge\u00e7 30 g\u00fcn i\u00e7inde cevaplanacakt\u0131r. Ayr\u0131ca ba\u015fvurular\u0131n\u0131z\u0131n sadece sizlerle ilgili k\u0131sm\u0131 cevaplanacak olup, e\u015finiz, yak\u0131n\u0131n\u0131z ya da arkada\u015f\u0131n\u0131z hakk\u0131nda yap\u0131lan bir ba\u015fvuru kabul edilmeyecektir.<\/p>","protected":false},"excerpt":{"rendered":"<p>K\u0130\u015e\u0130SEL VER\u0130LER\u0130 KORUMA KANUNU HAKKINDA AYDINLATMA METN\u0130 Ki\u015fisel Verileri Koruma Kanunu (KVKK) Kapsam\u0131nda Bize Sa\u011flad\u0131\u011f\u0131n\u0131z Veriler Hakk\u0131nda Bilgilendirme Youth for Good Veri G\u00fcvenli\u011fi Youth for Good olarak sizlere ait ki\u015fisel verileri ve \u00f6zel bilgilerinizi korumak i\u00e7in azami \u00f6zeni g\u00f6steriyoruz. Bu nedenle internet sayfam\u0131z\u0131\/\u00e7a\u011fr\u0131 merkezimizi\/internet sitemizi ziyaretinizde kendinizi g\u00fcvende hissetmenizi istiyoruz. \u0130nternet sayfam\u0131z\u0131\/\u00e7a\u011fr\u0131 merkezimizi ya da [&hellip;]<\/p>","protected":false},"author":1,"featured_media":0,"parent":0,"menu_order":0,"comment_status":"closed","ping_status":"closed","template":"","meta":{"om_disable_all_campaigns":false,"inline_featured_image":false,"_monsterinsights_skip_tracking":false,"_monsterinsights_sitenote_active":false,"_monsterinsights_sitenote_note":"","_monsterinsights_sitenote_category":0,"footnotes":""},"class_list":["post-897","page","type-page","status-publish","hentry"],"aioseo_notices":[],"_links":{"self":[{"href":"https:\/\/youthforgood.co\/en\/wp-json\/wp\/v2\/pages\/897","targetHints":{"allow":["GET"]}}],"collection":[{"href":"https:\/\/youthforgood.co\/en\/wp-json\/wp\/v2\/pages"}],"about":[{"href":"https:\/\/youthforgood.co\/en\/wp-json\/wp\/v2\/types\/page"}],"author":[{"embeddable":true,"href":"https:\/\/youthforgood.co\/en\/wp-json\/wp\/v2\/users\/1"}],"replies":[{"embeddable":true,"href":"https:\/\/youthforgood.co\/en\/wp-json\/wp\/v2\/comments?post=897"}],"version-history":[{"count":3,"href":"https:\/\/youthforgood.co\/en\/wp-json\/wp\/v2\/pages\/897\/revisions"}],"predecessor-version":[{"id":1376,"href":"https:\/\/youthforgood.co\/en\/wp-json\/wp\/v2\/pages\/897\/revisions\/1376"}],"wp:attachment":[{"href":"https:\/\/youthforgood.co\/en\/wp-json\/wp\/v2\/media?parent=897"}],"curies":[{"name":"wp","href":"https:\/\/api.w.org\/{rel}","templated":true}]}}