{"id":916,"date":"2023-06-29T21:39:12","date_gmt":"2023-06-29T18:39:12","guid":{"rendered":"https:\/\/youthforgood.co\/?page_id=916"},"modified":"2024-10-08T01:02:27","modified_gmt":"2024-10-07T22:02:27","slug":"hayvanlar-icin-etki","status":"publish","type":"page","link":"https:\/\/youthforgood.co\/en\/hayvanlar-icin-etki\/","title":{"rendered":"Hayvanlar \u0130\u00e7in Etki"},"content":{"rendered":"<div class=\"wp-block-group alignwide has-global-padding is-layout-constrained wp-block-group-is-layout-constrained\">\n<div class=\"wp-block-group alignwide has-global-padding is-layout-constrained wp-container-core-group-is-layout-908f630b wp-block-group-is-layout-constrained\" style=\"padding-top:var(--wp--preset--spacing--40);padding-right:0;padding-bottom:var(--wp--preset--spacing--30);padding-left:0\">\n<div class=\"wp-block-group alignwide project-title-hero is-content-justification-left is-nowrap is-layout-flex wp-container-core-group-is-layout-2f73c8e8 wp-block-group-is-layout-flex\" id=\"project-title-hero-kose\">\n<h1 class=\"wp-block-heading alignwide has-text-align-left has-custom-c-rtlak-color has-text-color has-large-font-size\">Impact for Animals Workshop<\/h1>\n<\/div>\n<\/div>\n\n\n\n<div class=\"wp-block-group alignwide has-global-padding is-layout-constrained wp-container-core-group-is-layout-db9edeb8 wp-block-group-is-layout-constrained\">\n<p class=\"has-custom-a-k-beyaz-color has-text-color has-link-color wp-elements-aaf88220f4603a10ce9679d4114897e8\" style=\"padding-bottom:var(--wp--preset--spacing--40);font-size:clamp(14.642px, 0.915rem + ((1vw - 3.2px) * 0.575), 22px);\">The Impact for Animals Workshop is a workshop that addresses industrial animal husbandry and the problems it brings with it, and aims to raise awareness about the livestock sector by getting to the root of these problems.<\/p>\n\n\n\n<div class=\"wp-block-columns is-layout-flex wp-container-core-columns-is-layout-28f84493 wp-block-columns-is-layout-flex\">\n<div class=\"wp-block-column is-layout-flow wp-block-column-is-layout-flow\" style=\"flex-basis:80%\">\n<p class=\"has-custom-a-k-beyaz-color has-text-color has-link-color wp-elements-40f9267cefe62b3bfead5238fa1a5e8a\">As Youth for Good, we came together with young people who wanted to gain awareness and competence on animal rights and industrial animal husbandry in the workshop organized in partnership with Kafessiz T\u00fcrkiye and enriched with Dr. Engin Ar\u0131kan's Industrial Animal Husbandry training and handful of interactive activities.<\/p>\n<\/div>\n\n\n\n<div class=\"wp-block-column is-layout-flow wp-block-column-is-layout-flow\" style=\"flex-basis:20%\">\n<figure class=\"wp-block-image aligncenter size-large\"><img loading=\"lazy\" decoding=\"async\" width=\"1024\" height=\"414\" src=\"http:\/\/youthforgood.co\/wp-content\/uploads\/2023\/03\/kt_logo_transparan-1024x414.png\" alt=\"\" class=\"wp-image-123\" srcset=\"https:\/\/youthforgood.co\/wp-content\/uploads\/2023\/03\/kt_logo_transparan-1024x414.png 1024w, https:\/\/youthforgood.co\/wp-content\/uploads\/2023\/03\/kt_logo_transparan-300x121.png 300w, https:\/\/youthforgood.co\/wp-content\/uploads\/2023\/03\/kt_logo_transparan-768x310.png 768w, https:\/\/youthforgood.co\/wp-content\/uploads\/2023\/03\/kt_logo_transparan.png 1500w\" sizes=\"auto, (max-width: 1024px) 100vw, 1024px\" \/><\/figure>\n<\/div>\n<\/div>\n\n\n\n<div class=\"wp-block-columns alignwide is-layout-flex wp-container-core-columns-is-layout-ff679dcb wp-block-columns-is-layout-flex\" style=\"margin-top:0;margin-bottom:0;padding-top:var(--wp--preset--spacing--20);padding-bottom:var(--wp--preset--spacing--20)\">\n<div class=\"wp-block-column is-vertically-aligned-top is-layout-flow wp-block-column-is-layout-flow\" style=\"padding-top:0;padding-right:0;padding-bottom:0;padding-left:0;flex-basis:40%\">\n<figure class=\"wp-block-image aligncenter size-large\"><img loading=\"lazy\" decoding=\"async\" width=\"1024\" height=\"1024\" src=\"http:\/\/youthforgood.co\/wp-content\/uploads\/2023\/05\/4-edited-1024x1024.jpg\" alt=\"\" class=\"wp-image-484\"\/><\/figure>\n<\/div>\n\n\n\n<div class=\"wp-block-column is-vertically-aligned-top is-layout-flow wp-block-column-is-layout-flow\">\n<div class=\"wp-block-columns is-layout-flex wp-container-core-columns-is-layout-28f84493 wp-block-columns-is-layout-flex\">\n<div class=\"wp-block-column is-layout-flow wp-container-core-column-is-layout-119bc444 wp-block-column-is-layout-flow\">\n<h2 class=\"wp-block-heading has-small-font-size\" style=\"margin-top:var(--wp--preset--spacing--10);line-height:1.3\">In the Impact for Animals Workshop we have organized to seek answers to the question \"Why is animal rights and welfare a socially important issue?\":<\/h2>\n\n\n\n<div class=\"wp-block-group has-global-padding is-layout-constrained wp-container-core-group-is-layout-e0082cf6 wp-block-group-is-layout-constrained\">\n<div class=\"wp-block-columns are-vertically-aligned-top is-not-stacked-on-mobile has-custom-a-k-beyaz-color has-text-color has-link-color wp-elements-0b71f1264266adc013dcf212a014ed00 is-layout-flex wp-container-core-columns-is-layout-28232c24 wp-block-columns-is-layout-flex\">\n<div class=\"wp-block-column is-vertically-aligned-top is-layout-flow wp-block-column-is-layout-flow\" style=\"flex-basis:40px\">\n<p class=\"has-custom-c-rtlak-color has-text-color has-link-color wp-elements-f8a0ab85fd9e44b396fa09dcd692a0b3\">&gt;<\/p>\n<\/div>\n\n\n\n<div class=\"wp-block-column is-vertically-aligned-top is-layout-flow wp-block-column-is-layout-flow\" style=\"flex-basis:100%\">\n<p class=\"has-custom-a-k-beyaz-color has-text-color has-link-color has-tiny-font-size wp-elements-bce0f3bf6e71b4525b0e44f6668885a5\" style=\"font-style:normal;font-weight:400\">We had a pleasant introductory circle where we introduced ourselves and tried to identify our characters with farm animals.<\/p>\n<\/div>\n<\/div>\n\n\n\n<div class=\"wp-block-columns are-vertically-aligned-top is-not-stacked-on-mobile has-custom-a-k-beyaz-color has-text-color has-link-color wp-elements-77705aeb8b740bd05c0516e9efbb8de4 is-layout-flex wp-container-core-columns-is-layout-28232c24 wp-block-columns-is-layout-flex\">\n<div class=\"wp-block-column is-vertically-aligned-top is-layout-flow wp-block-column-is-layout-flow\" style=\"flex-basis:40px\">\n<p class=\"has-custom-c-rtlak-color has-text-color has-link-color wp-elements-f8a0ab85fd9e44b396fa09dcd692a0b3\">&gt;<\/p>\n<\/div>\n\n\n\n<div class=\"wp-block-column is-vertically-aligned-top is-layout-flow wp-block-column-is-layout-flow\" style=\"flex-basis:100%\">\n<p class=\"has-custom-a-k-beyaz-color has-text-color has-link-color has-tiny-font-size wp-elements-e833821b8083cfd75525d58f17779d1b\" style=\"font-style:normal;font-weight:400\">With the 30-minute Industrial Animal Husbandry training, we learned basic information about the sector and went down to the root causes of the problem.<\/p>\n<\/div>\n<\/div>\n\n\n\n<div class=\"wp-block-columns are-vertically-aligned-top is-not-stacked-on-mobile has-custom-a-k-beyaz-color has-text-color has-link-color wp-elements-dc85bb148facc1dcd6c175d3280a671c is-layout-flex wp-container-core-columns-is-layout-28232c24 wp-block-columns-is-layout-flex\">\n<div class=\"wp-block-column is-vertically-aligned-top is-layout-flow wp-block-column-is-layout-flow\" style=\"flex-basis:40px\">\n<p class=\"has-custom-c-rtlak-color has-text-color has-link-color wp-elements-f8a0ab85fd9e44b396fa09dcd692a0b3\">&gt;<\/p>\n<\/div>\n\n\n\n<div class=\"wp-block-column is-vertically-aligned-top is-layout-flow wp-block-column-is-layout-flow\" style=\"flex-basis:100%\">\n<p class=\"has-custom-a-k-beyaz-color has-text-color has-link-color has-tiny-font-size wp-elements-ecaf0504b30e4c155b9c2ae6956489b8 translation-block\" style=\"font-style:normal;font-weight:400\">In the 2-part workshop, we redefined our individual understandings under the title \"My Movement Space\" and sought answers to the question \"What does it mean to be cage-free for you?\".<\/p>\n<\/div>\n<\/div>\n\n\n\n<div class=\"wp-block-columns are-vertically-aligned-top is-not-stacked-on-mobile has-custom-a-k-beyaz-color has-text-color has-link-color wp-elements-bc4f0e5184c4170752a10b14c28cb602 is-layout-flex wp-container-core-columns-is-layout-28232c24 wp-block-columns-is-layout-flex\">\n<div class=\"wp-block-column is-vertically-aligned-top is-layout-flow wp-block-column-is-layout-flow\" style=\"flex-basis:40px\">\n<p class=\"has-custom-c-rtlak-color has-text-color has-link-color wp-elements-f8a0ab85fd9e44b396fa09dcd692a0b3\">&gt;<\/p>\n<\/div>\n\n\n\n<div class=\"wp-block-column is-vertically-aligned-top is-layout-flow wp-block-column-is-layout-flow\" style=\"flex-basis:100%\">\n<p class=\"has-custom-a-k-beyaz-color has-text-color has-link-color has-tiny-font-size wp-elements-00bb7903c77e7d3d8c51b64bd88ad211 translation-block\" style=\"font-style:normal;font-weight:400\">In the 2nd part of the workshop, the Realm of Ideas, we worked on developing ideas on activities that can be carried out on university campuses within the scope of the Kafessiz T\u00fcrkiye (Cage-Free Turkey) Campaign.<\/p>\n<\/div>\n<\/div>\n\n\n\n<div class=\"wp-block-columns are-vertically-aligned-top is-not-stacked-on-mobile has-custom-a-k-beyaz-color has-text-color has-link-color wp-elements-21028f8121f03af0297f7a2b21fbb397 is-layout-flex wp-container-core-columns-is-layout-28232c24 wp-block-columns-is-layout-flex\">\n<div class=\"wp-block-column is-vertically-aligned-top is-layout-flow wp-block-column-is-layout-flow\" style=\"flex-basis:40px\">\n<p class=\"has-custom-c-rtlak-color has-text-color has-link-color wp-elements-f8a0ab85fd9e44b396fa09dcd692a0b3\">&gt;<\/p>\n<\/div>\n\n\n\n<div class=\"wp-block-column is-vertically-aligned-top is-layout-flow wp-block-column-is-layout-flow\" style=\"flex-basis:100%\">\n<p class=\"has-custom-a-k-beyaz-color has-text-color has-link-color has-tiny-font-size wp-elements-c876bf41afdbfee43b8dbd74cbb5478f\" style=\"font-style:normal;font-weight:400\">With the closing circle, we evaluated the workshop and listened to the participants' reflections on their awareness and learning.<\/p>\n<\/div>\n<\/div>\n<\/div>\n<\/div>\n<\/div>\n<\/div>\n<\/div>\n\n\n\n<p><\/p>\n<\/div>\n<\/div>\n\n\n\n<div class=\"wp-block-group alignfull has-custom-dark-background-color has-background has-global-padding is-content-justification-center is-layout-constrained wp-container-core-group-is-layout-ae8f3539 wp-block-group-is-layout-constrained\" style=\"padding-top:0;padding-right:0;padding-bottom:0;padding-left:0\">\n<div class=\"wp-block-group alignwide has-global-padding is-layout-constrained wp-container-core-group-is-layout-254f1302 wp-block-group-is-layout-constrained\" style=\"padding-top:0;padding-right:0;padding-bottom:0;padding-left:0\">\n<div class=\"wp-block-columns alignwide is-layout-flex wp-container-core-columns-is-layout-52215458 wp-block-columns-is-layout-flex\" style=\"padding-top:0;padding-right:0;padding-bottom:0;padding-left:0\">\n<div class=\"wp-block-column has-global-padding is-content-justification-right is-layout-constrained wp-container-core-column-is-layout-4dc50498 wp-block-column-is-layout-constrained\" style=\"padding-top:0;padding-right:0;padding-bottom:0;padding-left:0;flex-basis:35%\">\n<figure class=\"wp-block-video\"><video height=\"1920\" style=\"aspect-ratio: 1080 \/ 1920;\" width=\"1080\" controls preload=\"auto\" src=\"https:\/\/youthforgood.co\/wp-content\/uploads\/2023\/06\/Kafessiz-Turkiye2.mp4\"><\/video><\/figure>\n<\/div>\n\n\n\n<div class=\"wp-block-column is-vertically-aligned-center has-global-padding is-content-justification-left is-layout-constrained wp-container-core-column-is-layout-33ef7e59 wp-block-column-is-layout-constrained\" style=\"padding-top:var(--wp--preset--spacing--10);padding-bottom:var(--wp--preset--spacing--10);flex-basis:70%\">\n<div class=\"wp-block-group alignwide has-global-padding is-layout-constrained wp-container-core-group-is-layout-1566473f wp-block-group-is-layout-constrained\" style=\"margin-top:0;margin-bottom:var(--wp--preset--spacing--50);padding-top:0;padding-right:0;padding-bottom:0;padding-left:0\">\n<h2 class=\"wp-block-heading has-text-align-left has-background-color has-text-color has-medium-plus-font-size translation-block\">With the Impact for Animals Workshop:<\/h2>\n\n\n\n<div class=\"wp-block-columns is-layout-flex wp-container-core-columns-is-layout-87beb0d0 wp-block-columns-is-layout-flex\">\n<div class=\"wp-block-column round-corner has-border-color has-border-border-color is-layout-flow wp-container-core-column-is-layout-83722040 wp-block-column-is-layout-flow\" style=\"border-width:1px;padding-top:var(--wp--preset--spacing--30);padding-right:var(--wp--preset--spacing--30);padding-bottom:var(--wp--preset--spacing--30);padding-left:var(--wp--preset--spacing--30)\">\n<div class=\"wp-block-columns is-layout-flex wp-container-core-columns-is-layout-28232c24 wp-block-columns-is-layout-flex\">\n<div class=\"wp-block-column is-layout-flow wp-block-column-is-layout-flow\" style=\"flex-basis:20%\">\n<p class=\"has-background-color has-text-color has-medium-plus-font-size\">\ud83d\udc13<\/p>\n<\/div>\n\n\n\n<div class=\"wp-block-column is-layout-flow wp-block-column-is-layout-flow\" style=\"flex-basis:80%\">\n<p class=\"has-background-color has-text-color has-tiny-font-size\">We realized how many living beings we are talking about when we talk about animal rights.<\/p>\n<\/div>\n<\/div>\n<\/div>\n\n\n\n<div class=\"wp-block-column round-corner has-border-color has-border-border-color is-layout-flow wp-block-column-is-layout-flow\" style=\"border-width:1px;padding-top:var(--wp--preset--spacing--30);padding-right:var(--wp--preset--spacing--30);padding-bottom:var(--wp--preset--spacing--30);padding-left:var(--wp--preset--spacing--30)\">\n<div class=\"wp-block-columns is-layout-flex wp-container-core-columns-is-layout-28232c24 wp-block-columns-is-layout-flex\">\n<div class=\"wp-block-column is-layout-flow wp-block-column-is-layout-flow\" style=\"flex-basis:20%\">\n<p class=\"has-background-color has-text-color has-medium-plus-font-size\">\ud83d\udc31<\/p>\n<\/div>\n\n\n\n<div class=\"wp-block-column is-layout-flow wp-block-column-is-layout-flow\" style=\"flex-basis:80%\">\n<p class=\"has-background-color has-text-color has-tiny-font-size\">We gained awareness about the negative conditions that many animals live in due to industrial animal husbandry.<\/p>\n<\/div>\n<\/div>\n<\/div>\n<\/div>\n\n\n\n<div class=\"wp-block-columns is-layout-flex wp-container-core-columns-is-layout-87beb0d0 wp-block-columns-is-layout-flex\">\n<div class=\"wp-block-column round-corner has-border-color has-border-border-color is-layout-flow wp-block-column-is-layout-flow\" style=\"border-width:1px;padding-top:var(--wp--preset--spacing--30);padding-right:var(--wp--preset--spacing--30);padding-bottom:var(--wp--preset--spacing--30);padding-left:var(--wp--preset--spacing--30)\">\n<div class=\"wp-block-columns is-layout-flex wp-container-core-columns-is-layout-28232c24 wp-block-columns-is-layout-flex\">\n<div class=\"wp-block-column is-layout-flow wp-block-column-is-layout-flow\" style=\"flex-basis:20%\">\n<p class=\"has-background-color has-text-color has-medium-plus-font-size\">\ud83e\udd17<\/p>\n<\/div>\n\n\n\n<div class=\"wp-block-column is-layout-flow wp-block-column-is-layout-flow\" style=\"flex-basis:80%\">\n<p class=\"has-background-color has-text-color has-tiny-font-size\">We renewed our hopes by remembering that change is only possible together.<\/p>\n<\/div>\n<\/div>\n<\/div>\n\n\n\n<div class=\"wp-block-column round-corner has-border-color has-border-border-color is-layout-flow wp-block-column-is-layout-flow\" style=\"border-width:1px;padding-top:var(--wp--preset--spacing--30);padding-right:var(--wp--preset--spacing--30);padding-bottom:var(--wp--preset--spacing--30);padding-left:var(--wp--preset--spacing--30)\">\n<div class=\"wp-block-columns is-layout-flex wp-container-core-columns-is-layout-28232c24 wp-block-columns-is-layout-flex\">\n<div class=\"wp-block-column is-layout-flow wp-block-column-is-layout-flow\" style=\"flex-basis:20%\">\n<p class=\"has-background-color has-text-color has-medium-plus-font-size\">\ud83d\udcdd<\/p>\n<\/div>\n\n\n\n<div class=\"wp-block-column is-layout-flow wp-block-column-is-layout-flow\" style=\"flex-basis:80%\">\n<p class=\"has-background-color has-text-color has-tiny-font-size\">In order to be part of the solution, we took action and organized a rain of ideas!<\/p>\n<\/div>\n<\/div>\n<\/div>\n<\/div>\n<\/div>\n<\/div>\n<\/div>\n<\/div>\n<\/div>","protected":false},"excerpt":{"rendered":"<p>Hayvanlar i\u00e7in Etki At\u00f6lyesi Hayvanlar i\u00e7in Etki At\u00f6lyesi; end\u00fcstriyel hayvanc\u0131l\u0131\u011f\u0131 ve beraberinde getirdi\u011fi sorunlar\u0131 ele alan, bu sorunlar\u0131n kayna\u011f\u0131na inerek hayvanc\u0131l\u0131k sekt\u00f6r\u00fc ile ilgili fark\u0131ndal\u0131k yaratmay\u0131 ama\u00e7layan bir at\u00f6lye \u00e7al\u0131\u015fmas\u0131d\u0131r. Youth for Good olarak Kafessiz T\u00fcrkiye partnerli\u011finde ger\u00e7ekle\u015ftirilen ve Dr. Engin Ar\u0131kan\u2019\u0131n End\u00fcstriyel Hayvanc\u0131l\u0131k e\u011fitimi ve interaktif \u00e7al\u0131\u015fmalar\u0131 ile zenginle\u015fen at\u00f6lyede hayvan haklar\u0131 ve end\u00fcstriyel [&hellip;]<\/p>","protected":false},"author":1,"featured_media":0,"parent":0,"menu_order":0,"comment_status":"closed","ping_status":"closed","template":"page-without-title","meta":{"om_disable_all_campaigns":false,"inline_featured_image":false,"_monsterinsights_skip_tracking":false,"_monsterinsights_sitenote_active":false,"_monsterinsights_sitenote_note":"","_monsterinsights_sitenote_category":0,"footnotes":""},"class_list":["post-916","page","type-page","status-publish","hentry"],"aioseo_notices":[],"_links":{"self":[{"href":"https:\/\/youthforgood.co\/en\/wp-json\/wp\/v2\/pages\/916","targetHints":{"allow":["GET"]}}],"collection":[{"href":"https:\/\/youthforgood.co\/en\/wp-json\/wp\/v2\/pages"}],"about":[{"href":"https:\/\/youthforgood.co\/en\/wp-json\/wp\/v2\/types\/page"}],"author":[{"embeddable":true,"href":"https:\/\/youthforgood.co\/en\/wp-json\/wp\/v2\/users\/1"}],"replies":[{"embeddable":true,"href":"https:\/\/youthforgood.co\/en\/wp-json\/wp\/v2\/comments?post=916"}],"version-history":[{"count":6,"href":"https:\/\/youthforgood.co\/en\/wp-json\/wp\/v2\/pages\/916\/revisions"}],"predecessor-version":[{"id":1406,"href":"https:\/\/youthforgood.co\/en\/wp-json\/wp\/v2\/pages\/916\/revisions\/1406"}],"wp:attachment":[{"href":"https:\/\/youthforgood.co\/en\/wp-json\/wp\/v2\/media?parent=916"}],"curies":[{"name":"wp","href":"https:\/\/api.w.org\/{rel}","templated":true}]}}