{"id":1413,"date":"2025-06-05T18:18:14","date_gmt":"2025-06-05T15:18:14","guid":{"rendered":"https:\/\/youthforgood.co\/?page_id=1413"},"modified":"2025-07-16T21:43:00","modified_gmt":"2025-07-16T18:43:00","slug":"yayinlarimiz","status":"publish","type":"page","link":"https:\/\/youthforgood.co\/tr\/yayinlarimiz\/","title":{"rendered":"Yay\u0131nlar\u0131m\u0131z"},"content":{"rendered":"\n<div class=\"wp-block-columns alignfull is-layout-flex wp-container-core-columns-is-layout-12b0fe58 wp-block-columns-is-layout-flex\" style=\"padding-top:var(--wp--preset--spacing--50);padding-right:var(--wp--preset--spacing--50);padding-bottom:var(--wp--preset--spacing--50);padding-left:var(--wp--preset--spacing--50)\">\n<div class=\"wp-block-column card is-layout-flow wp-container-core-column-is-layout-69fcd244 wp-block-column-is-layout-flow\" style=\"padding-top:0;padding-right:0;padding-bottom:0;padding-left:0\">\n<figure class=\"wp-block-image size-full is-style-default center-img\"><a href=\"https:\/\/youthforgood.co\/tr\/yayinlarimiz\/strateji-raporu\/\"><img loading=\"lazy\" decoding=\"async\" width=\"1000\" height=\"592\" src=\"https:\/\/youthforgood.co\/wp-content\/uploads\/2025\/06\/stratejiraporu_placeholder.jpg\" alt=\"\" class=\"wp-image-1441\" style=\"aspect-ratio:16\/9;object-fit:cover\" srcset=\"https:\/\/youthforgood.co\/wp-content\/uploads\/2025\/06\/stratejiraporu_placeholder.jpg 1000w, https:\/\/youthforgood.co\/wp-content\/uploads\/2025\/06\/stratejiraporu_placeholder-300x178.jpg 300w, https:\/\/youthforgood.co\/wp-content\/uploads\/2025\/06\/stratejiraporu_placeholder-768x455.jpg 768w, https:\/\/youthforgood.co\/wp-content\/uploads\/2025\/06\/stratejiraporu_placeholder-18x12.jpg 18w\" sizes=\"auto, (max-width: 1000px) 100vw, 1000px\" \/><\/a><\/figure>\n\n\n<a href=\"https:\/\/youthforgood.co\/yayinlarimiz\/strateji-raporu\/\"   class=\"card-content-link wp-block-tiptip-hyperlink-group-block\" >\n<div id=\"kose-card-content\" class=\"wp-block-group card-content has-global-padding is-layout-constrained wp-block-group-is-layout-constrained\">\n<div class=\"wp-block-group card-title is-content-justification-space-between is-nowrap is-layout-flex wp-container-core-group-is-layout-a9ce486e wp-block-group-is-layout-flex\" style=\"margin-top:0;margin-bottom:0;padding-top:0;padding-right:0;padding-left:0\">\n<h1 class=\"wp-block-heading card-title-content has-medium-font-size\"><span href=\"https:\/\/youthforgood.co\/yayinlarimiz\/strateji-raporu\/\" title=\"youth for good Strateji Raporu\">Strateji Raporu: Toplulukla G\u00fc\u00e7lenen Gen\u00e7lik<\/span><\/h1>\n\n\n\n<h1 class=\"wp-block-heading has-text-align-right has-tiny-font-size\">Haziran 2025<\/h1>\n<\/div>\n\n\n\n<p class=\"has-text-align-left project-text has-tiny-font-size\" style=\"padding-top:var(--wp--preset--spacing--10);padding-right:var(--wp--preset--spacing--10);padding-bottom:var(--wp--preset--spacing--10);padding-left:var(--wp--preset--spacing--10)\"><\/p>\n<\/div>\n<\/a><\/div>\n\n\n\n<div class=\"wp-block-column card is-layout-flow wp-container-core-column-is-layout-69fcd244 wp-block-column-is-layout-flow\" style=\"padding-top:0;padding-right:0;padding-bottom:0;padding-left:0\">\n<figure class=\"wp-block-image size-large is-style-default center-img\"><a href=\"https:\/\/youthforgood.co\/yayinlarimiz\/faaliyet-raporu\/\"><img loading=\"lazy\" decoding=\"async\" width=\"822\" height=\"1024\" src=\"http:\/\/youthforgood.co\/wp-content\/uploads\/2025\/05\/IMG_5BFBE8F818BF-1-822x1024.jpeg\" alt=\"\" class=\"wp-image-1431\" style=\"aspect-ratio:16\/9;object-fit:cover\" srcset=\"https:\/\/youthforgood.co\/wp-content\/uploads\/2025\/05\/IMG_5BFBE8F818BF-1-822x1024.jpeg 822w, https:\/\/youthforgood.co\/wp-content\/uploads\/2025\/05\/IMG_5BFBE8F818BF-1-241x300.jpeg 241w, https:\/\/youthforgood.co\/wp-content\/uploads\/2025\/05\/IMG_5BFBE8F818BF-1-768x957.jpeg 768w, https:\/\/youthforgood.co\/wp-content\/uploads\/2025\/05\/IMG_5BFBE8F818BF-1-1233x1536.jpeg 1233w, https:\/\/youthforgood.co\/wp-content\/uploads\/2025\/05\/IMG_5BFBE8F818BF-1-10x12.jpeg 10w, https:\/\/youthforgood.co\/wp-content\/uploads\/2025\/05\/IMG_5BFBE8F818BF-1.jpeg 1320w\" sizes=\"auto, (max-width: 822px) 100vw, 822px\" \/><\/a><\/figure>\n\n\n<a href=\"https:\/\/youthforgood.co\/faaliyet-raporu\/\"   class=\"card-content-link disabled wp-block-tiptip-hyperlink-group-block\" >\n<div class=\"wp-block-group card-content has-global-padding is-layout-constrained wp-block-group-is-layout-constrained\">\n<div class=\"wp-block-group card-title is-content-justification-space-between is-nowrap is-layout-flex wp-container-core-group-is-layout-a9ce486e wp-block-group-is-layout-flex\" style=\"margin-top:0;margin-bottom:0;padding-top:0;padding-right:0;padding-left:0\">\n<h1 class=\"wp-block-heading card-title-content has-medium-font-size\">Faaliyet Raporu<\/h1>\n\n\n\n<h1 class=\"wp-block-heading has-text-align-right has-tiny-font-size\">May\u0131s 2025<\/h1>\n<\/div>\n\n\n\n<p class=\"has-text-align-left project-text has-tiny-font-size\" style=\"padding-top:var(--wp--preset--spacing--10);padding-right:var(--wp--preset--spacing--10);padding-bottom:var(--wp--preset--spacing--10);padding-left:var(--wp--preset--spacing--10)\">youth for good olarak 5 senelik yolculu\u011fumuzu, gen\u00e7lerin \u00f6nc\u00fcl\u00fck etti\u011fi \u00e7al\u0131\u015fmalar\u0131m\u0131z\u0131, payla\u015f\u0131ml\u0131 kazan\u0131mlar\u0131m\u0131z\u0131 ve anlaml\u0131 i\u015fbirliklerimizi ele alan ilk faaliyet raporumuz! Yaln\u0131zca yapt\u0131klar\u0131m\u0131zla de\u011fil, yolumuzun kesi\u015fti\u011fi insanlarla, enerjimizle ve yaratt\u0131\u011f\u0131m\u0131z etkiyle hayat bulan bu raporda toplulu\u011fumuzdan, rapora katk\u0131 sa\u011flayanlardan ve partnerlerimizden son 5 y\u0131l\u0131m\u0131z\u0131n ruhunu yans\u0131tan al\u0131nt\u0131lar bulabilirsiniz.<br><\/p>\n<\/div>\n<\/a><\/div>\n<\/div>\n\n\n\n<div class=\"wp-block-columns alignfull is-layout-flex wp-container-core-columns-is-layout-596df8f0 wp-block-columns-is-layout-flex\" style=\"padding-top:0;padding-right:var(--wp--preset--spacing--50);padding-bottom:var(--wp--preset--spacing--50);padding-left:var(--wp--preset--spacing--50)\">\n<div class=\"wp-block-column card is-layout-flow wp-container-core-column-is-layout-69fcd244 wp-block-column-is-layout-flow\" style=\"padding-top:0;padding-right:0;padding-bottom:0;padding-left:0\">\n<figure class=\"wp-block-image size-large is-style-default center-img\"><a href=\"https:\/\/youthforgood.co\/projelerimiz\/kose-rehberi\/\"><img loading=\"lazy\" decoding=\"async\" width=\"2560\" height=\"1440\" src=\"https:\/\/youthforgood.co\/wp-content\/uploads\/2023\/05\/kose-edited-scaled.jpg\" alt=\"\" class=\"wp-image-665\" style=\"aspect-ratio:16\/9;object-fit:cover\" srcset=\"https:\/\/youthforgood.co\/wp-content\/uploads\/2023\/05\/kose-edited-scaled.jpg 2560w, https:\/\/youthforgood.co\/wp-content\/uploads\/2023\/05\/kose-edited-300x169.jpg 300w, https:\/\/youthforgood.co\/wp-content\/uploads\/2023\/05\/kose-edited-1024x576.jpg 1024w, https:\/\/youthforgood.co\/wp-content\/uploads\/2023\/05\/kose-edited-768x432.jpg 768w, https:\/\/youthforgood.co\/wp-content\/uploads\/2023\/05\/kose-edited-1536x864.jpg 1536w, https:\/\/youthforgood.co\/wp-content\/uploads\/2023\/05\/kose-edited-2048x1152.jpg 2048w\" sizes=\"auto, (max-width: 2560px) 100vw, 2560px\" \/><\/a><\/figure>\n\n\n<a href=\"https:\/\/youthforgood.co\/projelerimiz\/kose-rehberi\/\"   class=\"card-content-link wp-block-tiptip-hyperlink-group-block\" >\n<div id=\"kose-card-content\" class=\"wp-block-group card-content has-global-padding is-layout-constrained wp-block-group-is-layout-constrained\">\n<div class=\"wp-block-group card-title is-content-justification-space-between is-nowrap is-layout-flex wp-container-core-group-is-layout-a9ce486e wp-block-group-is-layout-flex\" style=\"margin-top:0;margin-bottom:0;padding-top:0;padding-right:0;padding-left:0\">\n<h1 class=\"wp-block-heading card-title-content has-medium-font-size\"><span href=\"https:\/\/youthforgood.co\/projelerimiz\/kose-rehberi\/\" title=\"KOSE Rehberi\">KOSE Rehberi<\/span><\/h1>\n\n\n\n<h1 class=\"wp-block-heading has-text-align-right has-tiny-font-size\">Kas\u0131m 2021 &#8211; May\u0131s 2023<\/h1>\n<\/div>\n\n\n\n<p class=\"has-text-align-left project-text has-tiny-font-size\" style=\"padding-top:var(--wp--preset--spacing--10);padding-right:var(--wp--preset--spacing--10);padding-bottom:var(--wp--preset--spacing--10);padding-left:var(--wp--preset--spacing--10)\"><span href=\"https:\/\/youthforgood.co\/projelerimiz\/kose-rehberi\/\" title=\"KOSE Rehberi\">\u00c7e\u015fitli etkinliklerde toplumsal ve fiziksel engelleri ortadan kald\u0131rmak, herkes i\u00e7in kapsay\u0131c\u0131 ve eri\u015filebilir etkinlik kurgular\u0131 \u00e7izmek ve t\u00fcm canl\u0131lar\u0131n hak ve \u00f6zg\u00fcrl\u00fcklerinin g\u00f6zetildi\u011fi, do\u011fa ile uyumlu etkinlik s\u00fcre\u00e7leri deneyimlemek ad\u0131na haz\u0131rlanm\u0131\u015f ya\u015fayan bir rehber, bir a\u00e7\u0131k kaynakt\u0131r.<\/span><\/p>\n<\/div>\n<\/a><\/div>\n\n\n\n<div class=\"wp-block-column is-layout-flow wp-block-column-is-layout-flow\"><\/div>\n<\/div>\n","protected":false},"excerpt":{"rendered":"","protected":false},"author":1,"featured_media":0,"parent":0,"menu_order":0,"comment_status":"closed","ping_status":"closed","template":"page-without-title","meta":{"om_disable_all_campaigns":false,"inline_featured_image":false,"_monsterinsights_skip_tracking":false,"_monsterinsights_sitenote_active":false,"_monsterinsights_sitenote_note":"","_monsterinsights_sitenote_category":0,"footnotes":""},"class_list":["post-1413","page","type-page","status-publish","hentry"],"aioseo_notices":[],"_links":{"self":[{"href":"https:\/\/youthforgood.co\/tr\/wp-json\/wp\/v2\/pages\/1413","targetHints":{"allow":["GET"]}}],"collection":[{"href":"https:\/\/youthforgood.co\/tr\/wp-json\/wp\/v2\/pages"}],"about":[{"href":"https:\/\/youthforgood.co\/tr\/wp-json\/wp\/v2\/types\/page"}],"author":[{"embeddable":true,"href":"https:\/\/youthforgood.co\/tr\/wp-json\/wp\/v2\/users\/1"}],"replies":[{"embeddable":true,"href":"https:\/\/youthforgood.co\/tr\/wp-json\/wp\/v2\/comments?post=1413"}],"version-history":[{"count":23,"href":"https:\/\/youthforgood.co\/tr\/wp-json\/wp\/v2\/pages\/1413\/revisions"}],"predecessor-version":[{"id":1505,"href":"https:\/\/youthforgood.co\/tr\/wp-json\/wp\/v2\/pages\/1413\/revisions\/1505"}],"wp:attachment":[{"href":"https:\/\/youthforgood.co\/tr\/wp-json\/wp\/v2\/media?parent=1413"}],"curies":[{"name":"wp","href":"https:\/\/api.w.org\/{rel}","templated":true}]}}