{"id":717,"date":"2023-05-30T23:40:48","date_gmt":"2023-05-30T20:40:48","guid":{"rendered":"https:\/\/youthforgood.co\/?page_id=717"},"modified":"2024-10-08T01:06:18","modified_gmt":"2024-10-07T22:06:18","slug":"kose-rehberi","status":"publish","type":"page","link":"https:\/\/youthforgood.co\/tr\/projelerimiz\/kose-rehberi\/","title":{"rendered":"KOSE Rehberi"},"content":{"rendered":"\n<div class=\"wp-block-group alignwide has-global-padding is-layout-constrained wp-block-group-is-layout-constrained\">\n<div class=\"wp-block-group alignwide has-global-padding is-layout-constrained wp-container-core-group-is-layout-908f630b wp-block-group-is-layout-constrained\" style=\"padding-top:var(--wp--preset--spacing--40);padding-right:0;padding-bottom:var(--wp--preset--spacing--30);padding-left:0\">\n<div class=\"wp-block-group alignwide project-title-hero is-content-justification-left is-nowrap is-layout-flex wp-container-core-group-is-layout-2f73c8e8 wp-block-group-is-layout-flex\" id=\"project-title-hero-kose\">\n<h1 class=\"wp-block-heading alignwide has-text-align-left has-custom-c-rtlak-color has-text-color has-large-font-size\">Kapsay\u0131c\u0131, Onar\u0131c\u0131 ve <br>S\u00fcrd\u00fcr\u00fclebilir Etkinlik (KOSE) Rehberi<\/h1>\n<\/div>\n<\/div>\n\n\n\n<div class=\"wp-block-group alignwide has-global-padding is-layout-constrained wp-container-core-group-is-layout-f6c50a7f wp-block-group-is-layout-constrained\">\n<p class=\"has-custom-a-k-beyaz-color has-text-color has-link-color wp-elements-87cb527204232b024206af5b91bd6683\" style=\"padding-bottom:var(--wp--preset--spacing--40);font-size:clamp(14.642px, 0.915rem + ((1vw - 3.2px) * 0.575), 22px);\">\u0130\u00e7eri\u011finden ve kimliklerimizden ba\u011f\u0131ms\u0131z olarak kat\u0131ld\u0131\u011f\u0131m\u0131z etkinliklerin kapsay\u0131c\u0131l\u0131k, onar\u0131c\u0131l\u0131k ve s\u00fcrd\u00fcr\u00fclebilirlik konular\u0131nda hem teoride hem de uygulamada geli\u015fime a\u00e7\u0131k alanlar\u0131 oldu\u011funa dair g\u00f6zlemlerimiz \u00fczerine Roots &amp; Shoots T\u00fcrkiye ve Youth for Good gen\u00e7leri olarak bir araya geldik.<\/p>\n\n\n\n<div class=\"wp-block-columns alignwide is-layout-flex wp-container-core-columns-is-layout-ff679dcb wp-block-columns-is-layout-flex\" style=\"margin-top:0;margin-bottom:0;padding-top:var(--wp--preset--spacing--20);padding-bottom:var(--wp--preset--spacing--20)\">\n<div class=\"wp-block-column is-vertically-aligned-top is-layout-flow wp-block-column-is-layout-flow\" style=\"flex-basis:40%\">\n<figure class=\"wp-block-image aligncenter size-large\"><img loading=\"lazy\" decoding=\"async\" width=\"1024\" height=\"1024\" src=\"http:\/\/youthforgood.co\/wp-content\/uploads\/2023\/05\/Cover-KOSE-2-1-scaled-e1685481269418-1024x1024.jpg\" alt=\"\" class=\"wp-image-736\" style=\"aspect-ratio:1;object-fit:cover\" srcset=\"https:\/\/youthforgood.co\/wp-content\/uploads\/2023\/05\/Cover-KOSE-2-1-scaled-e1685481269418-1024x1024.jpg 1024w, https:\/\/youthforgood.co\/wp-content\/uploads\/2023\/05\/Cover-KOSE-2-1-scaled-e1685481269418-300x300.jpg 300w, https:\/\/youthforgood.co\/wp-content\/uploads\/2023\/05\/Cover-KOSE-2-1-scaled-e1685481269418-150x150.jpg 150w, https:\/\/youthforgood.co\/wp-content\/uploads\/2023\/05\/Cover-KOSE-2-1-scaled-e1685481269418-768x768.jpg 768w, https:\/\/youthforgood.co\/wp-content\/uploads\/2023\/05\/Cover-KOSE-2-1-scaled-e1685481269418-1536x1536.jpg 1536w, https:\/\/youthforgood.co\/wp-content\/uploads\/2023\/05\/Cover-KOSE-2-1-scaled-e1685481269418.jpg 1708w\" sizes=\"auto, (max-width: 1024px) 100vw, 1024px\" \/><\/figure>\n<\/div>\n\n\n\n<div class=\"wp-block-column is-vertically-aligned-top is-layout-flow wp-block-column-is-layout-flow\">\n<div class=\"wp-block-columns is-layout-flex wp-container-core-columns-is-layout-28f84493 wp-block-columns-is-layout-flex\">\n<div class=\"wp-block-column is-layout-flow wp-container-core-column-is-layout-119bc444 wp-block-column-is-layout-flow\">\n<h2 class=\"wp-block-heading has-small-font-size\" style=\"margin-top:var(--wp--preset--spacing--10);line-height:1.3\">Derinlemesine tart\u0131\u015fmalar, literat\u00fcr taramalar\u0131, \u00f6n uzman g\u00f6r\u00fc\u015fmeleri ve anket \u00e7al\u0131\u015fmalar\u0131 ile yol haritas\u0131n\u0131 \u00e7\u0131kard\u0131\u011f\u0131m\u0131z KOSE rehberine ihtiya\u00e7 duyduk \u00e7\u00fcnk\u00fc:<\/h2>\n\n\n\n<div class=\"wp-block-group has-custom-a-k-beyaz-color has-text-color has-link-color wp-elements-051dd9a037e95482fcf30a6069dc1964 has-global-padding is-layout-constrained wp-container-core-group-is-layout-e0082cf6 wp-block-group-is-layout-constrained\">\n<div class=\"wp-block-columns are-vertically-aligned-top is-not-stacked-on-mobile has-small-font-size is-layout-flex wp-container-core-columns-is-layout-28232c24 wp-block-columns-is-layout-flex\">\n<div class=\"wp-block-column is-vertically-aligned-top is-layout-flow wp-block-column-is-layout-flow\" style=\"flex-basis:40px\">\n<p class=\"has-custom-c-rtlak-color has-text-color has-link-color has-small-font-size wp-elements-e6d56ac93adc9c7263f7720d9961d048\">&gt;<\/p>\n<\/div>\n\n\n\n<div class=\"wp-block-column is-vertically-aligned-top is-layout-flow wp-block-column-is-layout-flow\" style=\"flex-basis:100%\">\n<p class=\"has-custom-a-k-beyaz-color has-text-color has-link-color has-small-font-size wp-elements-06058eb066afbffdaff22231537fc779\" style=\"font-style:normal;font-weight:400\">Etkinlik kimli\u011fi ve temalar\u0131 ile i\u00e7eri\u011finin ve uygulan\u0131\u015f\u0131n\u0131n \u00f6rt\u00fc\u015fmedi\u011fi bir\u00e7ok \u00f6rnek g\u00f6r\u00fcl\u00fcyor.<\/p>\n<\/div>\n<\/div>\n\n\n\n<div class=\"wp-block-columns are-vertically-aligned-top is-not-stacked-on-mobile has-small-font-size is-layout-flex wp-container-core-columns-is-layout-28232c24 wp-block-columns-is-layout-flex\">\n<div class=\"wp-block-column is-vertically-aligned-top is-layout-flow wp-block-column-is-layout-flow\" style=\"flex-basis:40px\">\n<p class=\"has-custom-c-rtlak-color has-text-color has-link-color has-small-font-size wp-elements-e6d56ac93adc9c7263f7720d9961d048\">&gt;<\/p>\n<\/div>\n\n\n\n<div class=\"wp-block-column is-vertically-aligned-top is-layout-flow wp-block-column-is-layout-flow\" style=\"flex-basis:100%\">\n<p class=\"has-custom-a-k-beyaz-color has-text-color has-link-color has-small-font-size wp-elements-14ed626f1cd260d1dff7a095155a3138\" style=\"font-style:normal;font-weight:400\">Etkinliklerde kapsay\u0131c\u0131l\u0131k, onar\u0131c\u0131l\u0131k ve s\u00fcrd\u00fcr\u00fclebilirlik perspektiflerinin dahil oldu\u011fu b\u00fct\u00fcnsel bir yakla\u015f\u0131m\u0131n benimsenmesinde zorluk ya\u015fan\u0131yor.<\/p>\n<\/div>\n<\/div>\n\n\n\n<div class=\"wp-block-columns are-vertically-aligned-top is-not-stacked-on-mobile has-custom-a-k-beyaz-color has-text-color has-link-color has-small-font-size wp-elements-acf743b996ffe81af4ce2ecdbafa6900 is-layout-flex wp-container-core-columns-is-layout-28232c24 wp-block-columns-is-layout-flex\">\n<div class=\"wp-block-column is-vertically-aligned-top is-layout-flow wp-block-column-is-layout-flow\" style=\"flex-basis:40px\">\n<p class=\"has-custom-c-rtlak-color has-text-color has-link-color has-small-font-size wp-elements-e6d56ac93adc9c7263f7720d9961d048\">&gt;<\/p>\n<\/div>\n\n\n\n<div class=\"wp-block-column is-vertically-aligned-top is-layout-flow wp-block-column-is-layout-flow\" style=\"flex-basis:100%\">\n<p class=\"has-custom-a-k-beyaz-color has-text-color has-link-color has-small-font-size wp-elements-5464e996ea07f8f77e7a7b5982348699\" style=\"font-style:normal;font-weight:400\">Etkinlik tasar\u0131mc\u0131lar\u0131 \u00e7e\u015fitli sebeplerle bu prensipleri \u00f6nceliklendirmek ve tasar\u0131m s\u00fcre\u00e7lerine entegre etmek konusunda at\u0131l kal\u0131yor.<\/p>\n<\/div>\n<\/div>\n\n\n\n<div class=\"wp-block-columns are-vertically-aligned-top is-not-stacked-on-mobile has-small-font-size is-layout-flex wp-container-core-columns-is-layout-28232c24 wp-block-columns-is-layout-flex\">\n<div class=\"wp-block-column is-vertically-aligned-top is-layout-flow wp-block-column-is-layout-flow\" style=\"flex-basis:40px\">\n<p class=\"has-custom-c-rtlak-color has-text-color has-link-color has-small-font-size wp-elements-e6d56ac93adc9c7263f7720d9961d048\">&gt;<\/p>\n<\/div>\n\n\n\n<div class=\"wp-block-column is-vertically-aligned-top is-layout-flow wp-block-column-is-layout-flow\" style=\"flex-basis:100%\">\n<p class=\"has-custom-a-k-beyaz-color has-text-color has-link-color has-small-font-size wp-elements-0e5847f04c01a47267324928bf232039\" style=\"font-style:normal;font-weight:400\">\u0130lgili uzman bilgisi ve kullan\u0131c\u0131 deneyimi deste\u011fiyle haz\u0131rlanm\u0131\u015f; kolayla\u015ft\u0131r\u0131c\u0131l\u0131k rol\u00fcn\u00fc \u00fcstlenecek, zaman kazand\u0131racak ve etkinlik kimli\u011fini g\u00fc\u00e7lendirecek bir kaynak eksikli\u011fi \u00e7ekiliyor.<\/p>\n<\/div>\n<\/div>\n<\/div>\n<\/div>\n<\/div>\n<\/div>\n<\/div>\n\n\n\n<p><\/p>\n\n\n\n<p class=\"has-custom-a-k-beyaz-color has-text-color has-link-color wp-elements-edba883b2042075fa709935f1b86b3f0\" style=\"padding-top:var(--wp--preset--spacing--20);padding-bottom:0\">Bu kapsamda ger\u00e7ekle\u015ftirdi\u011fimiz literat\u00fcr taramalar\u0131n\u0131 desteklemek ve anket \u00e7al\u0131\u015fmalar\u0131m\u0131z\u0131 bir \u00e7\u00f6z\u00fcm seti ile sonu\u00e7land\u0131rmak ad\u0131na alan\u0131nda yetkin 23 uzman ile bir araya gelerek \u00e7al\u0131\u015fmalar\u0131m\u0131z\u0131 bir ad\u0131m daha ileriye ta\u015f\u0131d\u0131k; belirledi\u011fimiz be\u015f ana ba\u015fl\u0131k alt\u0131nda etkinlik \u00f6ncesi, etkinlik s\u0131ras\u0131 ve etkinlik sonras\u0131 s\u00fcre\u00e7lerde kapsay\u0131c\u0131, onar\u0131c\u0131 ve s\u00fcrd\u00fcr\u00fclebilir bir etkinlik deneyimi ya\u015famak ad\u0131na takip edilebilecek ad\u0131mlar\u0131 belirleyip rehberimizde bir araya getirdik!<\/p>\n<\/div>\n<\/div>\n\n\n\n<div class=\"wp-block-group has-global-padding is-layout-constrained wp-container-core-group-is-layout-dbfa450a wp-block-group-is-layout-constrained\" style=\"padding-top:var(--wp--preset--spacing--30);padding-right:var(--wp--preset--spacing--30);padding-bottom:var(--wp--preset--spacing--30);padding-left:var(--wp--preset--spacing--30)\"><\/p>\n\n\n\n<div class=\"wp-block-buttons is-content-justification-center is-layout-flex wp-container-core-buttons-is-layout-0f49716a wp-block-buttons-is-layout-flex\" style=\"margin-top:var(--wp--preset--spacing--10);margin-bottom:var(--wp--preset--spacing--10)\">\n<div class=\"wp-block-button\"><a class=\"wp-block-button__link wp-element-button\" href=\"http:\/\/youthforgood.co\/wp-content\/uploads\/2023\/06\/KOSE-Rehberi.pdf\" target=\"_blank\" rel=\"noreferrer noopener\">Rehberi \u0130ncele<\/a><\/div>\n<\/div>\n\n\n<p>\n\n\n\n\n\n<div class=\"addtoany_shortcode\"><div class=\"a2a_kit a2a_kit_size_34 addtoany_list\" data-a2a-url=\"https:\/\/youthforgood.co\/tr\/projelerimiz\/kose-rehberi\/\" data-a2a-title=\"KOSE Rehberi\"><a class=\"a2a_button_facebook\" href=\"https:\/\/www.addtoany.com\/add_to\/facebook?linkurl=https%3A%2F%2Fyouthforgood.co%2Ftr%2Fprojelerimiz%2Fkose-rehberi%2F&amp;linkname=KOSE%20Rehberi\" title=\"Facebook\" rel=\"nofollow noopener\" target=\"_blank\"><\/a><a class=\"a2a_button_twitter\" href=\"https:\/\/www.addtoany.com\/add_to\/twitter?linkurl=https%3A%2F%2Fyouthforgood.co%2Ftr%2Fprojelerimiz%2Fkose-rehberi%2F&amp;linkname=KOSE%20Rehberi\" title=\"Twitter\" rel=\"nofollow noopener\" target=\"_blank\"><\/a><a class=\"a2a_button_whatsapp\" href=\"https:\/\/www.addtoany.com\/add_to\/whatsapp?linkurl=https%3A%2F%2Fyouthforgood.co%2Ftr%2Fprojelerimiz%2Fkose-rehberi%2F&amp;linkname=KOSE%20Rehberi\" title=\"WhatsApp\" rel=\"nofollow noopener\" target=\"_blank\"><\/a><a class=\"a2a_button_linkedin\" href=\"https:\/\/www.addtoany.com\/add_to\/linkedin?linkurl=https%3A%2F%2Fyouthforgood.co%2Ftr%2Fprojelerimiz%2Fkose-rehberi%2F&amp;linkname=KOSE%20Rehberi\" title=\"LinkedIn\" rel=\"nofollow noopener\" target=\"_blank\"><\/a><a class=\"a2a_dd addtoany_share_save addtoany_share\" href=\"https:\/\/www.addtoany.com\/share\"><\/a><\/div><\/div>\n<\/div>\n\n\n\n<div class=\"wp-block-group alignfull is-style-default has-body-alt-color has-custom-dark-background-color has-text-color has-background has-global-padding is-layout-constrained wp-container-core-group-is-layout-789d8c23 wp-block-group-is-layout-constrained\" style=\"border-radius:0px;margin-top:0;margin-bottom:0;padding-top:64px;padding-right:7vw;padding-left:7vw\">\n<h2 class=\"wp-block-heading has-text-align-center has-medium-plus-font-size\" style=\"line-height:1.3\">Kapsay\u0131c\u0131, onar\u0131c\u0131 ve s\u00fcrd\u00fcr\u00fclebilir<br>bir etkinlik nas\u0131l d\u00fczenleriz?<\/h2>\n\n\n\n<h2 class=\"wp-block-heading has-text-align-center has-body-alt-color has-text-color has-small-font-size\" style=\"font-style:normal;font-weight:400;line-height:1.4\"><br>Bu soruya cevap ararken bir etkinlikte olmazsa olmaz be\u015f odak alan belirledik:<\/h2>\n\n\n\n<div class=\"wp-block-columns alignwide kose-focus-cols is-layout-flex wp-container-core-columns-is-layout-138242db wp-block-columns-is-layout-flex\" id=\"kose-focus-cols-1\" style=\"margin-top:var(--wp--preset--spacing--60);margin-bottom:var(--wp--preset--spacing--60)\">\n<div class=\"wp-block-column is-layout-flow wp-container-core-column-is-layout-f5bb311e wp-block-column-is-layout-flow\" style=\"flex-basis:33.33%\">\n<div class=\"wp-block-group is-style-default has-border-color is-content-justification-center is-nowrap is-layout-flex wp-container-core-group-is-layout-b7327425 wp-block-group-is-layout-flex\" style=\"border-color:#ffffff2b;border-width:1px;border-radius:25px;padding-top:var(--wp--preset--spacing--20);padding-right:var(--wp--preset--spacing--20);padding-bottom:var(--wp--preset--spacing--20);padding-left:var(--wp--preset--spacing--20)\">\n<figure class=\"wp-block-image size-large is-resized\"><img decoding=\"async\" src=\"https:\/\/youthforgood.co\/wp-content\/uploads\/2023\/05\/haklarin-esitligi.svg\" alt=\"\" class=\"wp-image-779\" style=\"width:30px;height:30px\"\/><\/figure>\n\n\n\n<p class=\"has-body-alt-color has-text-color has-small-font-size\" style=\"font-style:normal;font-weight:400\">Hak Temelli Yakla\u015f\u0131m<\/p>\n<\/div>\n<\/div>\n\n\n\n<div class=\"wp-block-column is-layout-flow wp-container-core-column-is-layout-f5bb311e wp-block-column-is-layout-flow\" style=\"flex-basis:33.33%\">\n<div class=\"wp-block-group is-style-default has-border-color is-content-justification-center is-nowrap is-layout-flex wp-container-core-group-is-layout-e734629f wp-block-group-is-layout-flex\" style=\"border-color:#ffffff2b;border-width:1px;border-radius:25px;padding-top:var(--wp--preset--spacing--20);padding-right:var(--wp--preset--spacing--20);padding-bottom:var(--wp--preset--spacing--20);padding-left:var(--wp--preset--spacing--20)\">\n<figure class=\"wp-block-image size-large is-resized\"><img decoding=\"async\" src=\"https:\/\/youthforgood.co\/wp-content\/uploads\/2023\/05\/cocuk.svg\" alt=\"\" class=\"wp-image-784\" style=\"width:30px\"\/><\/figure>\n\n\n\n<p class=\"has-body-alt-color has-text-color has-small-font-size\" style=\"font-style:normal;font-weight:400\">\u00c7ocuk Haklar\u0131<\/p>\n<\/div>\n<\/div>\n\n\n\n<div class=\"wp-block-column is-layout-flow wp-container-core-column-is-layout-f5bb311e wp-block-column-is-layout-flow\" style=\"flex-basis:33.33%\">\n<div class=\"wp-block-group has-border-color is-content-justification-center is-nowrap is-layout-flex wp-container-core-group-is-layout-e734629f wp-block-group-is-layout-flex\" style=\"border-color:#ffffff2b;border-width:1px;border-radius:25px;padding-top:var(--wp--preset--spacing--20);padding-right:var(--wp--preset--spacing--20);padding-bottom:var(--wp--preset--spacing--20);padding-left:var(--wp--preset--spacing--20)\">\n<figure class=\"wp-block-image size-large is-resized\"><img decoding=\"async\" src=\"https:\/\/youthforgood.co\/wp-content\/uploads\/2023\/05\/doga.svg\" alt=\"\" class=\"wp-image-783\" style=\"width:30px;height:30px\"\/><\/figure>\n\n\n\n<p class=\"has-body-alt-color has-text-color has-small-font-size\" style=\"font-style:normal;font-weight:400\">Do\u011fa ile Uyum<\/p>\n<\/div>\n<\/div>\n<\/div>\n\n\n\n<div class=\"wp-block-columns alignwide are-vertically-aligned-center kose-focus-cols is-layout-flex wp-container-core-columns-is-layout-138242db wp-block-columns-is-layout-flex\" id=\"kose-focus-cols-2\" style=\"margin-top:var(--wp--preset--spacing--60);margin-bottom:var(--wp--preset--spacing--60)\">\n<div class=\"wp-block-column is-vertically-aligned-center is-layout-flow wp-container-core-column-is-layout-f5bb311e wp-block-column-is-layout-flow\" style=\"flex-basis:50%\">\n<div class=\"wp-block-group is-style-default has-border-color is-content-justification-center is-nowrap is-layout-flex wp-container-core-group-is-layout-b7327425 wp-block-group-is-layout-flex\" style=\"border-color:#ffffff2b;border-width:1px;border-radius:25px;padding-top:var(--wp--preset--spacing--20);padding-right:var(--wp--preset--spacing--20);padding-bottom:var(--wp--preset--spacing--20);padding-left:var(--wp--preset--spacing--20)\">\n<figure class=\"wp-block-image size-large is-resized\"><img decoding=\"async\" src=\"http:\/\/youthforgood.co\/wp-content\/uploads\/2023\/05\/kapsayicilik-cinsiyet-esitligi.svg\" alt=\"\" class=\"wp-image-782\" style=\"width:30px;height:30px\"\/><\/figure>\n\n\n\n<p class=\"has-body-alt-color has-text-color has-small-font-size\" style=\"font-style:normal;font-weight:400\">Kapsay\u0131c\u0131l\u0131k ve Eri\u015filebilirlik<\/p>\n<\/div>\n<\/div>\n\n\n\n<div class=\"wp-block-column is-vertically-aligned-center is-layout-flow wp-container-core-column-is-layout-f5bb311e wp-block-column-is-layout-flow\" style=\"flex-basis:50%\">\n<div class=\"wp-block-group is-style-default has-border-color is-content-justification-center is-nowrap is-layout-flex wp-container-core-group-is-layout-e734629f wp-block-group-is-layout-flex\" style=\"border-color:#ffffff2b;border-width:1px;border-radius:25px;padding-top:var(--wp--preset--spacing--20);padding-right:var(--wp--preset--spacing--20);padding-bottom:var(--wp--preset--spacing--20);padding-left:var(--wp--preset--spacing--20)\">\n<figure class=\"wp-block-image size-large is-resized\"><img decoding=\"async\" src=\"https:\/\/youthforgood.co\/wp-content\/uploads\/2023\/05\/atik-1.svg\" alt=\"\" class=\"wp-image-785\" style=\"width:30px;height:30px\"\/><\/figure>\n\n\n\n<p class=\"has-body-alt-color has-text-color has-small-font-size\" style=\"font-style:normal;font-weight:400\">At\u0131k Y\u00f6netimi ve \u0130leri D\u00f6n\u00fc\u015f\u00fcm<\/p>\n<\/div>\n<\/div>\n<\/div>\n\n\n\n<div class=\"wp-block-group alignwide is-layout-flow wp-block-group-is-layout-flow\" style=\"padding-top:0;padding-right:var(--wp--preset--spacing--70);padding-bottom:0;padding-left:var(--wp--preset--spacing--70)\">\n<figure class=\"wp-block-embed is-type-video is-provider-youtube wp-block-embed-youtube wp-embed-aspect-16-9 wp-has-aspect-ratio\"><div class=\"wp-block-embed__wrapper\">\n<iframe loading=\"lazy\" title=\"Kapsay\u0131c\u0131, Onar\u0131c\u0131 ve S\u00fcrd\u00fcr\u00fclebilir Etkinlik (KOSE) Rehberi Tan\u0131t\u0131m\" width=\"500\" height=\"281\" src=\"https:\/\/www.youtube.com\/embed\/2Bu1hqKgUFI?feature=oembed\" frameborder=\"0\" allow=\"accelerometer; autoplay; clipboard-write; encrypted-media; gyroscope; picture-in-picture; web-share\" referrerpolicy=\"strict-origin-when-cross-origin\" allowfullscreen><\/iframe>\n<\/div><\/figure>\n<\/div>\n\n\n\n<div class=\"wp-block-buttons is-content-justification-center is-layout-flex wp-container-core-buttons-is-layout-a6d9f191 wp-block-buttons-is-layout-flex\" style=\"margin-top:var(--wp--preset--spacing--40);margin-bottom:var(--wp--preset--spacing--40)\">\n<div class=\"wp-block-button\" id=\"accesibility-video-button\"><a class=\"wp-block-button__link wp-element-button\" href=\"https:\/\/www.youtube.com\/watch?v=ro0UskPlEtM\" target=\"_blank\" rel=\"noreferrer noopener\">Eri\u015filebilir Videoya Git<\/a><\/div>\n<\/div>\n\n\n\n<p><\/p>\n<\/div>\n\n\n\n<div class=\"wp-block-group alignwide has-global-padding is-layout-constrained wp-block-group-is-layout-constrained\" style=\"margin-top:0;margin-bottom:0;padding-top:var(--wp--preset--spacing--70);padding-bottom:160px\">\n<div class=\"wp-block-columns alignwide is-layout-flex wp-container-core-columns-is-layout-28f84493 wp-block-columns-is-layout-flex\">\n<div class=\"wp-block-column is-layout-flow wp-container-core-column-is-layout-22223934 wp-block-column-is-layout-flow\">\n<div class=\"wp-block-columns is-layout-flex wp-container-core-columns-is-layout-ceb339ea wp-block-columns-is-layout-flex\" style=\"padding-top:var(--wp--preset--spacing--60)\">\n<div class=\"wp-block-column is-layout-flow wp-block-column-is-layout-flow\">\n<div class=\"wp-block-group is-style-hover-bg has-global-padding is-layout-constrained wp-container-core-group-is-layout-34847c9e wp-block-group-is-layout-constrained\" style=\"border-radius:15px;padding-top:var(--wp--preset--spacing--50);padding-right:var(--wp--preset--spacing--50);padding-bottom:var(--wp--preset--spacing--50);padding-left:var(--wp--preset--spacing--50)\">\n<div class=\"wp-block-columns is-not-stacked-on-mobile is-layout-flex wp-container-core-columns-is-layout-87beb0d0 wp-block-columns-is-layout-flex\">\n<div class=\"wp-block-column is-layout-flow wp-container-core-column-is-layout-8a368f38 wp-block-column-is-layout-flow\">\n<h3 class=\"wp-block-heading has-custom-laci-color has-text-color has-link-color has-small-plus-font-size wp-elements-4f71b587bbbcedf5a9c1d4e1461e97fc\" style=\"line-height:1.6\">Onar\u0131c\u0131l\u0131k Nedir?<\/h3>\n\n\n\n<p class=\"has-meta-color has-text-color has-tiny-plus-font-size\" style=\"font-style:normal;font-weight:600\">M\u00fcge G\u00fcm\u00fc\u015f<\/p>\n<\/div>\n<\/div>\n\n\n\n<p class=\"has-small-font-size\">Onar\u0131c\u0131l\u0131k, \u00f6znenin kendisi ve faydalanan ki\u015filer i\u00e7in iyiyi hedefleyerek aksiyona ge\u00e7me, daha iyi versiyonlar i\u00e7in \u00fcretme halidir.<\/p>\n<\/div>\n<\/div>\n\n\n\n<div class=\"wp-block-column is-layout-flow wp-block-column-is-layout-flow\">\n<div class=\"wp-block-group is-style-hover-bg has-midground-background-color has-background has-global-padding is-layout-constrained wp-container-core-group-is-layout-34847c9e wp-block-group-is-layout-constrained\" style=\"border-radius:15px;padding-top:var(--wp--preset--spacing--50);padding-right:var(--wp--preset--spacing--50);padding-bottom:var(--wp--preset--spacing--50);padding-left:var(--wp--preset--spacing--50)\">\n<div class=\"wp-block-columns is-not-stacked-on-mobile is-layout-flex wp-container-core-columns-is-layout-4fa2f3cb wp-block-columns-is-layout-flex\" style=\"margin-bottom:0px\">\n<div class=\"wp-block-column is-layout-flow wp-container-core-column-is-layout-8a368f38 wp-block-column-is-layout-flow\">\n<h3 class=\"wp-block-heading has-custom-laci-color has-text-color has-link-color has-small-plus-font-size wp-elements-ca759ef00359bf6075628b44fbcd4251\" style=\"line-height:1.6\">Kapsay\u0131c\u0131l\u0131k Nedir?<\/h3>\n\n\n\n<p class=\"has-meta-color has-text-color has-tiny-plus-font-size\" style=\"font-style:normal;font-weight:600\">Zeynep Yarar<\/p>\n<\/div>\n<\/div>\n\n\n\n<p class=\"has-small-font-size\">Kapsay\u0131c\u0131l\u0131k, canl\u0131lara ve onlar\u0131n ya\u015fam alanlar\u0131na; farkl\u0131 ya\u015fam bi\u00e7imlerine ve formlar\u0131na sevgi, sayg\u0131 ve anlay\u0131\u015fla yakla\u015f\u0131lan ve bu \u00e7e\u015fitlili\u011fi benimseyen bir yakla\u015f\u0131md\u0131r.<\/p>\n<\/div>\n<\/div>\n\n\n\n<div class=\"wp-block-column is-layout-flow wp-block-column-is-layout-flow\">\n<div class=\"wp-block-group is-style-hover-bg has-global-padding is-layout-constrained wp-container-core-group-is-layout-34847c9e wp-block-group-is-layout-constrained\" style=\"border-radius:15px;padding-top:var(--wp--preset--spacing--50);padding-right:var(--wp--preset--spacing--50);padding-bottom:var(--wp--preset--spacing--50);padding-left:var(--wp--preset--spacing--50)\">\n<div class=\"wp-block-columns is-not-stacked-on-mobile is-layout-flex wp-container-core-columns-is-layout-87beb0d0 wp-block-columns-is-layout-flex\">\n<div class=\"wp-block-column is-layout-flow wp-container-core-column-is-layout-8a368f38 wp-block-column-is-layout-flow\">\n<h3 class=\"wp-block-heading has-custom-laci-color has-text-color has-link-color has-small-plus-font-size wp-elements-106808967a830d7a5c073f1dc84fba9e\" style=\"line-height:1.6\">S\u00fcrd\u00fcr\u00fclebilirlik nedir?<\/h3>\n\n\n\n<p class=\"has-meta-color has-text-color has-tiny-plus-font-size\" style=\"font-style:normal;font-weight:600\">Berna Demircan<\/p>\n<\/div>\n<\/div>\n\n\n\n<p class=\"has-small-font-size\">S\u00fcrd\u00fcr\u00fclebilirlik, ya\u015famd\u0131r; var oldu\u011fumuz s\u00fcrece kendimizi, di\u011fer canl\u0131lar\u0131 ve bu D\u00fcnya\u2019y\u0131 koruma sorumlulu\u011fu ile hareket etmektir.<\/p>\n<\/div>\n<\/div>\n<\/div>\n<\/div>\n<\/div>\n<\/div>\n\n\n\n<p><\/p>\n","protected":false},"excerpt":{"rendered":"<p>Kapsay\u0131c\u0131, Onar\u0131c\u0131 ve S\u00fcrd\u00fcr\u00fclebilir Etkinlik (KOSE) Rehberi \u0130\u00e7eri\u011finden ve kimliklerimizden ba\u011f\u0131ms\u0131z olarak kat\u0131ld\u0131\u011f\u0131m\u0131z etkinliklerin kapsay\u0131c\u0131l\u0131k, onar\u0131c\u0131l\u0131k ve s\u00fcrd\u00fcr\u00fclebilirlik konular\u0131nda hem teoride hem de uygulamada geli\u015fime a\u00e7\u0131k alanlar\u0131 oldu\u011funa dair g\u00f6zlemlerimiz \u00fczerine Roots &amp; Shoots T\u00fcrkiye ve Youth for Good gen\u00e7leri olarak bir araya geldik. Derinlemesine tart\u0131\u015fmalar, literat\u00fcr taramalar\u0131, \u00f6n uzman g\u00f6r\u00fc\u015fmeleri ve anket \u00e7al\u0131\u015fmalar\u0131 ile [&hellip;]<\/p>\n","protected":false},"author":1,"featured_media":719,"parent":599,"menu_order":0,"comment_status":"closed","ping_status":"closed","template":"page-without-title","meta":{"om_disable_all_campaigns":false,"inline_featured_image":false,"_monsterinsights_skip_tracking":false,"_monsterinsights_sitenote_active":false,"_monsterinsights_sitenote_note":"","_monsterinsights_sitenote_category":0,"footnotes":""},"class_list":["post-717","page","type-page","status-publish","has-post-thumbnail","hentry"],"aioseo_notices":[],"_links":{"self":[{"href":"https:\/\/youthforgood.co\/tr\/wp-json\/wp\/v2\/pages\/717","targetHints":{"allow":["GET"]}}],"collection":[{"href":"https:\/\/youthforgood.co\/tr\/wp-json\/wp\/v2\/pages"}],"about":[{"href":"https:\/\/youthforgood.co\/tr\/wp-json\/wp\/v2\/types\/page"}],"author":[{"embeddable":true,"href":"https:\/\/youthforgood.co\/tr\/wp-json\/wp\/v2\/users\/1"}],"replies":[{"embeddable":true,"href":"https:\/\/youthforgood.co\/tr\/wp-json\/wp\/v2\/comments?post=717"}],"version-history":[{"count":90,"href":"https:\/\/youthforgood.co\/tr\/wp-json\/wp\/v2\/pages\/717\/revisions"}],"predecessor-version":[{"id":1409,"href":"https:\/\/youthforgood.co\/tr\/wp-json\/wp\/v2\/pages\/717\/revisions\/1409"}],"up":[{"embeddable":true,"href":"https:\/\/youthforgood.co\/tr\/wp-json\/wp\/v2\/pages\/599"}],"wp:featuredmedia":[{"embeddable":true,"href":"https:\/\/youthforgood.co\/tr\/wp-json\/wp\/v2\/media\/719"}],"wp:attachment":[{"href":"https:\/\/youthforgood.co\/tr\/wp-json\/wp\/v2\/media?parent=717"}],"curies":[{"name":"wp","href":"https:\/\/api.w.org\/{rel}","templated":true}]}}