{"id":916,"date":"2023-06-29T21:39:12","date_gmt":"2023-06-29T18:39:12","guid":{"rendered":"https:\/\/youthforgood.co\/?page_id=916"},"modified":"2024-10-08T01:02:27","modified_gmt":"2024-10-07T22:02:27","slug":"hayvanlar-icin-etki","status":"publish","type":"page","link":"https:\/\/youthforgood.co\/tr\/hayvanlar-icin-etki\/","title":{"rendered":"Hayvanlar \u0130\u00e7in Etki"},"content":{"rendered":"\n<div class=\"wp-block-group alignwide has-global-padding is-layout-constrained wp-block-group-is-layout-constrained\">\n<div class=\"wp-block-group alignwide has-global-padding is-layout-constrained wp-container-core-group-is-layout-908f630b wp-block-group-is-layout-constrained\" style=\"padding-top:var(--wp--preset--spacing--40);padding-right:0;padding-bottom:var(--wp--preset--spacing--30);padding-left:0\">\n<div class=\"wp-block-group alignwide project-title-hero is-content-justification-left is-nowrap is-layout-flex wp-container-core-group-is-layout-2f73c8e8 wp-block-group-is-layout-flex\" id=\"project-title-hero-kose\">\n<h1 class=\"wp-block-heading alignwide has-text-align-left has-custom-c-rtlak-color has-text-color has-large-font-size\">Hayvanlar i\u00e7in Etki At\u00f6lyesi<\/h1>\n<\/div>\n<\/div>\n\n\n\n<div class=\"wp-block-group alignwide has-global-padding is-layout-constrained wp-container-core-group-is-layout-db9edeb8 wp-block-group-is-layout-constrained\">\n<p class=\"has-custom-a-k-beyaz-color has-text-color has-link-color wp-elements-aaf88220f4603a10ce9679d4114897e8\" style=\"padding-bottom:var(--wp--preset--spacing--40);font-size:clamp(14.642px, 0.915rem + ((1vw - 3.2px) * 0.575), 22px);\">Hayvanlar i\u00e7in Etki At\u00f6lyesi; end\u00fcstriyel hayvanc\u0131l\u0131\u011f\u0131 ve beraberinde getirdi\u011fi sorunlar\u0131 ele alan, bu sorunlar\u0131n kayna\u011f\u0131na inerek hayvanc\u0131l\u0131k sekt\u00f6r\u00fc ile ilgili fark\u0131ndal\u0131k yaratmay\u0131 ama\u00e7layan bir at\u00f6lye \u00e7al\u0131\u015fmas\u0131d\u0131r.<\/p>\n\n\n\n<div class=\"wp-block-columns is-layout-flex wp-container-core-columns-is-layout-28f84493 wp-block-columns-is-layout-flex\">\n<div class=\"wp-block-column is-layout-flow wp-block-column-is-layout-flow\" style=\"flex-basis:80%\">\n<p class=\"has-custom-a-k-beyaz-color has-text-color has-link-color wp-elements-40f9267cefe62b3bfead5238fa1a5e8a\">Youth for Good olarak Kafessiz T\u00fcrkiye partnerli\u011finde ger\u00e7ekle\u015ftirilen ve Dr. Engin Ar\u0131kan\u2019\u0131n End\u00fcstriyel Hayvanc\u0131l\u0131k e\u011fitimi ve interaktif \u00e7al\u0131\u015fmalar\u0131 ile zenginle\u015fen at\u00f6lyede hayvan haklar\u0131 ve end\u00fcstriyel hayvanc\u0131l\u0131k ile ilgili fark\u0131ndal\u0131k ve yetkinlik kazanmak isteyen gen\u00e7lerle bir araya geldik.<\/p>\n<\/div>\n\n\n\n<div class=\"wp-block-column is-layout-flow wp-block-column-is-layout-flow\" style=\"flex-basis:20%\">\n<figure class=\"wp-block-image aligncenter size-large\"><img loading=\"lazy\" decoding=\"async\" width=\"1024\" height=\"414\" src=\"http:\/\/youthforgood.co\/wp-content\/uploads\/2023\/03\/kt_logo_transparan-1024x414.png\" alt=\"\" class=\"wp-image-123\" srcset=\"https:\/\/youthforgood.co\/wp-content\/uploads\/2023\/03\/kt_logo_transparan-1024x414.png 1024w, https:\/\/youthforgood.co\/wp-content\/uploads\/2023\/03\/kt_logo_transparan-300x121.png 300w, https:\/\/youthforgood.co\/wp-content\/uploads\/2023\/03\/kt_logo_transparan-768x310.png 768w, https:\/\/youthforgood.co\/wp-content\/uploads\/2023\/03\/kt_logo_transparan.png 1500w\" sizes=\"auto, (max-width: 1024px) 100vw, 1024px\" \/><\/figure>\n<\/div>\n<\/div>\n\n\n\n<div class=\"wp-block-columns alignwide is-layout-flex wp-container-core-columns-is-layout-ff679dcb wp-block-columns-is-layout-flex\" style=\"margin-top:0;margin-bottom:0;padding-top:var(--wp--preset--spacing--20);padding-bottom:var(--wp--preset--spacing--20)\">\n<div class=\"wp-block-column is-vertically-aligned-top is-layout-flow wp-block-column-is-layout-flow\" style=\"padding-top:0;padding-right:0;padding-bottom:0;padding-left:0;flex-basis:40%\">\n<figure class=\"wp-block-image aligncenter size-large\"><img loading=\"lazy\" decoding=\"async\" width=\"1024\" height=\"1024\" src=\"http:\/\/youthforgood.co\/wp-content\/uploads\/2023\/05\/4-edited-1024x1024.jpg\" alt=\"\" class=\"wp-image-484\"\/><\/figure>\n<\/div>\n\n\n\n<div class=\"wp-block-column is-vertically-aligned-top is-layout-flow wp-block-column-is-layout-flow\">\n<div class=\"wp-block-columns is-layout-flex wp-container-core-columns-is-layout-28f84493 wp-block-columns-is-layout-flex\">\n<div class=\"wp-block-column is-layout-flow wp-container-core-column-is-layout-119bc444 wp-block-column-is-layout-flow\">\n<h2 class=\"wp-block-heading has-small-font-size\" style=\"margin-top:var(--wp--preset--spacing--10);line-height:1.3\">\u201cHayvan haklar\u0131 ve refah\u0131 neden toplumsal olarak \u00f6nemli bir mesele?\u201d sorusuna cevap aramak i\u00e7in d\u00fczenledi\u011fimiz Hayvanlar i\u00e7in Etki At\u00f6lyesi\u2019nde:<\/h2>\n\n\n\n<div class=\"wp-block-group has-global-padding is-layout-constrained wp-container-core-group-is-layout-e0082cf6 wp-block-group-is-layout-constrained\">\n<div class=\"wp-block-columns are-vertically-aligned-top is-not-stacked-on-mobile has-custom-a-k-beyaz-color has-text-color has-link-color wp-elements-0b71f1264266adc013dcf212a014ed00 is-layout-flex wp-container-core-columns-is-layout-28232c24 wp-block-columns-is-layout-flex\">\n<div class=\"wp-block-column is-vertically-aligned-top is-layout-flow wp-block-column-is-layout-flow\" style=\"flex-basis:40px\">\n<p class=\"has-custom-c-rtlak-color has-text-color has-link-color wp-elements-f8a0ab85fd9e44b396fa09dcd692a0b3\">&gt;<\/p>\n<\/div>\n\n\n\n<div class=\"wp-block-column is-vertically-aligned-top is-layout-flow wp-block-column-is-layout-flow\" style=\"flex-basis:100%\">\n<p class=\"has-custom-a-k-beyaz-color has-text-color has-link-color has-tiny-font-size wp-elements-bce0f3bf6e71b4525b0e44f6668885a5\" style=\"font-style:normal;font-weight:400\">Kendimizi tan\u0131tt\u0131\u011f\u0131m\u0131z ve karakterlerimizi \u00e7iftlik hayvanlar\u0131yla \u00f6zde\u015fle\u015ftirmeye \u00e7al\u0131\u015ft\u0131\u011f\u0131m\u0131z keyifli tan\u0131\u015fma \u00e7emberi ger\u00e7ekle\u015ftirdik.<\/p>\n<\/div>\n<\/div>\n\n\n\n<div class=\"wp-block-columns are-vertically-aligned-top is-not-stacked-on-mobile has-custom-a-k-beyaz-color has-text-color has-link-color wp-elements-77705aeb8b740bd05c0516e9efbb8de4 is-layout-flex wp-container-core-columns-is-layout-28232c24 wp-block-columns-is-layout-flex\">\n<div class=\"wp-block-column is-vertically-aligned-top is-layout-flow wp-block-column-is-layout-flow\" style=\"flex-basis:40px\">\n<p class=\"has-custom-c-rtlak-color has-text-color has-link-color wp-elements-f8a0ab85fd9e44b396fa09dcd692a0b3\">&gt;<\/p>\n<\/div>\n\n\n\n<div class=\"wp-block-column is-vertically-aligned-top is-layout-flow wp-block-column-is-layout-flow\" style=\"flex-basis:100%\">\n<p class=\"has-custom-a-k-beyaz-color has-text-color has-link-color has-tiny-font-size wp-elements-e833821b8083cfd75525d58f17779d1b\" style=\"font-style:normal;font-weight:400\">30 dakika s\u00fcren End\u00fcstriyel Hayvanc\u0131l\u0131k e\u011fitimi ile sekt\u00f6re dair temel bilgileri \u00f6\u011frendik, ya\u015fanan problemin k\u00f6k nedenlerine indik.<\/p>\n<\/div>\n<\/div>\n\n\n\n<div class=\"wp-block-columns are-vertically-aligned-top is-not-stacked-on-mobile has-custom-a-k-beyaz-color has-text-color has-link-color wp-elements-dc85bb148facc1dcd6c175d3280a671c is-layout-flex wp-container-core-columns-is-layout-28232c24 wp-block-columns-is-layout-flex\">\n<div class=\"wp-block-column is-vertically-aligned-top is-layout-flow wp-block-column-is-layout-flow\" style=\"flex-basis:40px\">\n<p class=\"has-custom-c-rtlak-color has-text-color has-link-color wp-elements-f8a0ab85fd9e44b396fa09dcd692a0b3\">&gt;<\/p>\n<\/div>\n\n\n\n<div class=\"wp-block-column is-vertically-aligned-top is-layout-flow wp-block-column-is-layout-flow\" style=\"flex-basis:100%\">\n<p class=\"has-custom-a-k-beyaz-color has-text-color has-link-color has-tiny-font-size wp-elements-ecaf0504b30e4c155b9c2ae6956489b8\" style=\"font-style:normal;font-weight:400\">2 b\u00f6l\u00fcmden olu\u015fan at\u00f6lye \u00e7al\u0131\u015fmas\u0131nda <em>Hareket Alan\u0131m <\/em>ba\u015fl\u0131\u011f\u0131 alt\u0131nda bireysel anlay\u0131\u015flar\u0131m\u0131z\u0131 yeniden belirledik, \u201cSenin i\u00e7in kafessiz olmak ne demek?\u201d sorusuna cevap arad\u0131k.<\/p>\n<\/div>\n<\/div>\n\n\n\n<div class=\"wp-block-columns are-vertically-aligned-top is-not-stacked-on-mobile has-custom-a-k-beyaz-color has-text-color has-link-color wp-elements-bc4f0e5184c4170752a10b14c28cb602 is-layout-flex wp-container-core-columns-is-layout-28232c24 wp-block-columns-is-layout-flex\">\n<div class=\"wp-block-column is-vertically-aligned-top is-layout-flow wp-block-column-is-layout-flow\" style=\"flex-basis:40px\">\n<p class=\"has-custom-c-rtlak-color has-text-color has-link-color wp-elements-f8a0ab85fd9e44b396fa09dcd692a0b3\">&gt;<\/p>\n<\/div>\n\n\n\n<div class=\"wp-block-column is-vertically-aligned-top is-layout-flow wp-block-column-is-layout-flow\" style=\"flex-basis:100%\">\n<p class=\"has-custom-a-k-beyaz-color has-text-color has-link-color has-tiny-font-size wp-elements-00bb7903c77e7d3d8c51b64bd88ad211\" style=\"font-style:normal;font-weight:400\">At\u00f6lyenin 2. k\u0131sm\u0131 olan <em>Fikirler Alemi<\/em>\u2019nde Kafessiz T\u00fcrkiye Kampanyas\u0131 kapsam\u0131nda \u00fcniversite kamp\u00fcslerinde ger\u00e7ekle\u015ftirilebilecek \u00e7al\u0131\u015fmalar \u00fczerine fikir geli\u015ftirme \u00e7al\u0131\u015fmas\u0131 ger\u00e7ekle\u015ftirdik.<\/p>\n<\/div>\n<\/div>\n\n\n\n<div class=\"wp-block-columns are-vertically-aligned-top is-not-stacked-on-mobile has-custom-a-k-beyaz-color has-text-color has-link-color wp-elements-21028f8121f03af0297f7a2b21fbb397 is-layout-flex wp-container-core-columns-is-layout-28232c24 wp-block-columns-is-layout-flex\">\n<div class=\"wp-block-column is-vertically-aligned-top is-layout-flow wp-block-column-is-layout-flow\" style=\"flex-basis:40px\">\n<p class=\"has-custom-c-rtlak-color has-text-color has-link-color wp-elements-f8a0ab85fd9e44b396fa09dcd692a0b3\">&gt;<\/p>\n<\/div>\n\n\n\n<div class=\"wp-block-column is-vertically-aligned-top is-layout-flow wp-block-column-is-layout-flow\" style=\"flex-basis:100%\">\n<p class=\"has-custom-a-k-beyaz-color has-text-color has-link-color has-tiny-font-size wp-elements-c876bf41afdbfee43b8dbd74cbb5478f\" style=\"font-style:normal;font-weight:400\">Kapan\u0131\u015f \u00e7emberi ile at\u00f6lye de\u011ferlendirmesi yaparak kat\u0131l\u0131mc\u0131lar\u0131n fark\u0131ndal\u0131k ve \u00f6\u011frenimlerine dair payla\u015f\u0131mlar\u0131n\u0131 dinledik.<\/p>\n<\/div>\n<\/div>\n<\/div>\n<\/div>\n<\/div>\n<\/div>\n<\/div>\n\n\n\n<p><\/p>\n<\/div>\n<\/div>\n\n\n\n<div class=\"wp-block-group alignfull has-custom-dark-background-color has-background has-global-padding is-content-justification-center is-layout-constrained wp-container-core-group-is-layout-ae8f3539 wp-block-group-is-layout-constrained\" style=\"padding-top:0;padding-right:0;padding-bottom:0;padding-left:0\">\n<div class=\"wp-block-group alignwide has-global-padding is-layout-constrained wp-container-core-group-is-layout-254f1302 wp-block-group-is-layout-constrained\" style=\"padding-top:0;padding-right:0;padding-bottom:0;padding-left:0\">\n<div class=\"wp-block-columns alignwide is-layout-flex wp-container-core-columns-is-layout-52215458 wp-block-columns-is-layout-flex\" style=\"padding-top:0;padding-right:0;padding-bottom:0;padding-left:0\">\n<div class=\"wp-block-column has-global-padding is-content-justification-right is-layout-constrained wp-container-core-column-is-layout-4dc50498 wp-block-column-is-layout-constrained\" style=\"padding-top:0;padding-right:0;padding-bottom:0;padding-left:0;flex-basis:35%\">\n<figure class=\"wp-block-video\"><video height=\"1920\" style=\"aspect-ratio: 1080 \/ 1920;\" width=\"1080\" controls preload=\"auto\" src=\"https:\/\/youthforgood.co\/wp-content\/uploads\/2023\/06\/Kafessiz-Turkiye2.mp4\"><\/video><\/figure>\n<\/div>\n\n\n\n<div class=\"wp-block-column is-vertically-aligned-center has-global-padding is-content-justification-left is-layout-constrained wp-container-core-column-is-layout-33ef7e59 wp-block-column-is-layout-constrained\" style=\"padding-top:var(--wp--preset--spacing--10);padding-bottom:var(--wp--preset--spacing--10);flex-basis:70%\">\n<div class=\"wp-block-group alignwide has-global-padding is-layout-constrained wp-container-core-group-is-layout-1566473f wp-block-group-is-layout-constrained\" style=\"margin-top:0;margin-bottom:var(--wp--preset--spacing--50);padding-top:0;padding-right:0;padding-bottom:0;padding-left:0\">\n<h2 class=\"wp-block-heading has-text-align-left has-background-color has-text-color has-medium-plus-font-size\">Hayvanlar i\u00e7in <br>Etki At\u00f6lyesi ile: <\/h2>\n\n\n\n<div class=\"wp-block-columns is-layout-flex wp-container-core-columns-is-layout-87beb0d0 wp-block-columns-is-layout-flex\">\n<div class=\"wp-block-column round-corner has-border-color has-border-border-color is-layout-flow wp-container-core-column-is-layout-83722040 wp-block-column-is-layout-flow\" style=\"border-width:1px;padding-top:var(--wp--preset--spacing--30);padding-right:var(--wp--preset--spacing--30);padding-bottom:var(--wp--preset--spacing--30);padding-left:var(--wp--preset--spacing--30)\">\n<div class=\"wp-block-columns is-layout-flex wp-container-core-columns-is-layout-28232c24 wp-block-columns-is-layout-flex\">\n<div class=\"wp-block-column is-layout-flow wp-block-column-is-layout-flow\" style=\"flex-basis:20%\">\n<p class=\"has-background-color has-text-color has-medium-plus-font-size\">\ud83d\udc13<\/p>\n<\/div>\n\n\n\n<div class=\"wp-block-column is-layout-flow wp-block-column-is-layout-flow\" style=\"flex-basis:80%\">\n<p class=\"has-background-color has-text-color has-tiny-font-size\">Hayvan haklar\u0131 denildi\u011finde ne kadar \u00e7ok say\u0131da canl\u0131dan s\u00f6z etti\u011fimizin fark\u0131na vard\u0131k.<\/p>\n<\/div>\n<\/div>\n<\/div>\n\n\n\n<div class=\"wp-block-column round-corner has-border-color has-border-border-color is-layout-flow wp-block-column-is-layout-flow\" style=\"border-width:1px;padding-top:var(--wp--preset--spacing--30);padding-right:var(--wp--preset--spacing--30);padding-bottom:var(--wp--preset--spacing--30);padding-left:var(--wp--preset--spacing--30)\">\n<div class=\"wp-block-columns is-layout-flex wp-container-core-columns-is-layout-28232c24 wp-block-columns-is-layout-flex\">\n<div class=\"wp-block-column is-layout-flow wp-block-column-is-layout-flow\" style=\"flex-basis:20%\">\n<p class=\"has-background-color has-text-color has-medium-plus-font-size\">\ud83d\udc31<\/p>\n<\/div>\n\n\n\n<div class=\"wp-block-column is-layout-flow wp-block-column-is-layout-flow\" style=\"flex-basis:80%\">\n<p class=\"has-background-color has-text-color has-tiny-font-size\">End\u00fcstriyel hayvanc\u0131l\u0131k sebebiyle bir\u00e7ok hayvan\u0131n ya\u015fad\u0131\u011f\u0131 olumsuz ko\u015fullara dair fark\u0131ndal\u0131k kazand\u0131k.<\/p>\n<\/div>\n<\/div>\n<\/div>\n<\/div>\n\n\n\n<div class=\"wp-block-columns is-layout-flex wp-container-core-columns-is-layout-87beb0d0 wp-block-columns-is-layout-flex\">\n<div class=\"wp-block-column round-corner has-border-color has-border-border-color is-layout-flow wp-block-column-is-layout-flow\" style=\"border-width:1px;padding-top:var(--wp--preset--spacing--30);padding-right:var(--wp--preset--spacing--30);padding-bottom:var(--wp--preset--spacing--30);padding-left:var(--wp--preset--spacing--30)\">\n<div class=\"wp-block-columns is-layout-flex wp-container-core-columns-is-layout-28232c24 wp-block-columns-is-layout-flex\">\n<div class=\"wp-block-column is-layout-flow wp-block-column-is-layout-flow\" style=\"flex-basis:20%\">\n<p class=\"has-background-color has-text-color has-medium-plus-font-size\">\ud83e\udd17<\/p>\n<\/div>\n\n\n\n<div class=\"wp-block-column is-layout-flow wp-block-column-is-layout-flow\" style=\"flex-basis:80%\">\n<p class=\"has-background-color has-text-color has-tiny-font-size\">De\u011fi\u015fimin ancak birlikte m\u00fcmk\u00fcn oldu\u011funu hat\u0131rlayarak umutlar\u0131m\u0131z\u0131 tazeledik.<\/p>\n<\/div>\n<\/div>\n<\/div>\n\n\n\n<div class=\"wp-block-column round-corner has-border-color has-border-border-color is-layout-flow wp-block-column-is-layout-flow\" style=\"border-width:1px;padding-top:var(--wp--preset--spacing--30);padding-right:var(--wp--preset--spacing--30);padding-bottom:var(--wp--preset--spacing--30);padding-left:var(--wp--preset--spacing--30)\">\n<div class=\"wp-block-columns is-layout-flex wp-container-core-columns-is-layout-28232c24 wp-block-columns-is-layout-flex\">\n<div class=\"wp-block-column is-layout-flow wp-block-column-is-layout-flow\" style=\"flex-basis:20%\">\n<p class=\"has-background-color has-text-color has-medium-plus-font-size\">\ud83d\udcdd<\/p>\n<\/div>\n\n\n\n<div class=\"wp-block-column is-layout-flow wp-block-column-is-layout-flow\" style=\"flex-basis:80%\">\n<p class=\"has-background-color has-text-color has-tiny-font-size\">\u00c7\u00f6z\u00fcm\u00fcn bir par\u00e7as\u0131 olmak ad\u0131na harekete ge\u00e7erek fikir ya\u011fmuru ger\u00e7ekle\u015ftirdik!<\/p>\n<\/div>\n<\/div>\n<\/div>\n<\/div>\n<\/div>\n<\/div>\n<\/div>\n<\/div>\n<\/div>\n","protected":false},"excerpt":{"rendered":"<p>Hayvanlar i\u00e7in Etki At\u00f6lyesi Hayvanlar i\u00e7in Etki At\u00f6lyesi; end\u00fcstriyel hayvanc\u0131l\u0131\u011f\u0131 ve beraberinde getirdi\u011fi sorunlar\u0131 ele alan, bu sorunlar\u0131n kayna\u011f\u0131na inerek hayvanc\u0131l\u0131k sekt\u00f6r\u00fc ile ilgili fark\u0131ndal\u0131k yaratmay\u0131 ama\u00e7layan bir at\u00f6lye \u00e7al\u0131\u015fmas\u0131d\u0131r. Youth for Good olarak Kafessiz T\u00fcrkiye partnerli\u011finde ger\u00e7ekle\u015ftirilen ve Dr. Engin Ar\u0131kan\u2019\u0131n End\u00fcstriyel Hayvanc\u0131l\u0131k e\u011fitimi ve interaktif \u00e7al\u0131\u015fmalar\u0131 ile zenginle\u015fen at\u00f6lyede hayvan haklar\u0131 ve end\u00fcstriyel [&hellip;]<\/p>\n","protected":false},"author":1,"featured_media":0,"parent":0,"menu_order":0,"comment_status":"closed","ping_status":"closed","template":"page-without-title","meta":{"om_disable_all_campaigns":false,"inline_featured_image":false,"_monsterinsights_skip_tracking":false,"_monsterinsights_sitenote_active":false,"_monsterinsights_sitenote_note":"","_monsterinsights_sitenote_category":0,"footnotes":""},"class_list":["post-916","page","type-page","status-publish","hentry"],"aioseo_notices":[],"_links":{"self":[{"href":"https:\/\/youthforgood.co\/tr\/wp-json\/wp\/v2\/pages\/916","targetHints":{"allow":["GET"]}}],"collection":[{"href":"https:\/\/youthforgood.co\/tr\/wp-json\/wp\/v2\/pages"}],"about":[{"href":"https:\/\/youthforgood.co\/tr\/wp-json\/wp\/v2\/types\/page"}],"author":[{"embeddable":true,"href":"https:\/\/youthforgood.co\/tr\/wp-json\/wp\/v2\/users\/1"}],"replies":[{"embeddable":true,"href":"https:\/\/youthforgood.co\/tr\/wp-json\/wp\/v2\/comments?post=916"}],"version-history":[{"count":6,"href":"https:\/\/youthforgood.co\/tr\/wp-json\/wp\/v2\/pages\/916\/revisions"}],"predecessor-version":[{"id":1406,"href":"https:\/\/youthforgood.co\/tr\/wp-json\/wp\/v2\/pages\/916\/revisions\/1406"}],"wp:attachment":[{"href":"https:\/\/youthforgood.co\/tr\/wp-json\/wp\/v2\/media?parent=916"}],"curies":[{"name":"wp","href":"https:\/\/api.w.org\/{rel}","templated":true}]}}